{"id":11686,"date":"2023-09-01T16:36:16","date_gmt":"2023-09-01T15:36:16","guid":{"rendered":"https:\/\/baralivres.ma\/?post_type=product&#038;p=11686"},"modified":"2024-11-07T14:12:47","modified_gmt":"2024-11-07T13:12:47","slug":"zak-storm-super-pirate-tome-5","status":"publish","type":"product","link":"https:\/\/baralivres.ma\/?product=zak-storm-super-pirate-tome-5","title":{"rendered":"Zak Storm &#8211; Super Pirate Tome 5"},"content":{"rendered":"<p>Cela fait quelque temps que Zak Storm et ses amis \u00e9cument les Sept Mers du Triangle. Pris de m\u00e9lancolie, le jeune capitaine pense \u00e0 son p\u00e8re&#8230; Y a-t-il un moyen de le contacter ? Pr\u00eat \u00e0 tout pour y parvenir, l&rsquo;\u00e9quipage du Chaos se met en qu\u00eate d&rsquo;une myst\u00e9rieuse machine d\u00e9rob\u00e9e par un aventurier de l\u00e9gende, prisonnier des sables de Dezer.<\/p>\n","protected":false},"excerpt":{"rendered":"<p>Cela fait quelque temps que Zak Storm et ses amis \u00e9cument les Sept Mers du Triangle. Pris de m\u00e9lancolie, le jeune capitaine pense \u00e0 son p\u00e8re&#8230; Y a-t-il un moyen de le contacter ? Pr\u00eat \u00e0 tout pour y parvenir, l&rsquo;\u00e9quipage du Chaos se met en qu\u00eate d&rsquo;une myst\u00e9rieuse machine d\u00e9rob\u00e9e par un aventurier de l\u00e9gende, prisonnier des sables de Dezer.<\/p>\n","protected":false},"featured_media":11687,"comment_status":"open","ping_status":"closed","template":"","meta":{"inline_featured_image":false},"product_cat":[3877,199],"product_tag":[],"class_list":{"0":"post-11686","1":"product","2":"type-product","3":"status-publish","4":"has-post-thumbnail","6":"product_cat-les-histoires-francais","7":"product_cat-histoires","9":"first","10":"instock","11":"shipping-taxable","12":"purchasable","13":"product-type-simple"},"_links":{"self":[{"href":"https:\/\/baralivres.ma\/index.php?rest_route=\/wp\/v2\/product\/11686","targetHints":{"allow":["GET"]}}],"collection":[{"href":"https:\/\/baralivres.ma\/index.php?rest_route=\/wp\/v2\/product"}],"about":[{"href":"https:\/\/baralivres.ma\/index.php?rest_route=\/wp\/v2\/types\/product"}],"replies":[{"embeddable":true,"href":"https:\/\/baralivres.ma\/index.php?rest_route=%2Fwp%2Fv2%2Fcomments&post=11686"}],"version-history":[{"count":1,"href":"https:\/\/baralivres.ma\/index.php?rest_route=\/wp\/v2\/product\/11686\/revisions"}],"predecessor-version":[{"id":11688,"href":"https:\/\/baralivres.ma\/index.php?rest_route=\/wp\/v2\/product\/11686\/revisions\/11688"}],"wp:featuredmedia":[{"embeddable":true,"href":"https:\/\/baralivres.ma\/index.php?rest_route=\/wp\/v2\/media\/11687"}],"wp:attachment":[{"href":"https:\/\/baralivres.ma\/index.php?rest_route=%2Fwp%2Fv2%2Fmedia&parent=11686"}],"wp:term":[{"taxonomy":"product_cat","embeddable":true,"href":"https:\/\/baralivres.ma\/index.php?rest_route=%2Fwp%2Fv2%2Fproduct_cat&post=11686"},{"taxonomy":"product_tag","embeddable":true,"href":"https:\/\/baralivres.ma\/index.php?rest_route=%2Fwp%2Fv2%2Fproduct_tag&post=11686"}],"curies":[{"name":"wp","href":"https:\/\/api.w.org\/{rel}","templated":true}]}}