{"id":11680,"date":"2023-09-01T16:32:12","date_gmt":"2023-09-01T15:32:12","guid":{"rendered":"https:\/\/baralivres.ma\/?post_type=product&#038;p=11680"},"modified":"2024-11-07T16:19:19","modified_gmt":"2024-11-07T15:19:19","slug":"les-aventures-de-raiponce-enquete-au-royaume","status":"publish","type":"product","link":"https:\/\/baralivres.ma\/?product=les-aventures-de-raiponce-enquete-au-royaume","title":{"rendered":"Les Aventures de Raiponce &#8211; Enqu\u00eate au royaume"},"content":{"rendered":"<p>Les Aventures de Princesses, une nouvelle s\u00e9rie de romans d&rsquo;aventure pour les 6-10 ans ! Une histoire de Raiponce, in\u00e9dite et int\u00e9grale, dans un format de lecture interactive o\u00f9 le lecteur participe \u00e0 l&rsquo;histoire ! Une maquette attractive et dynamique, avec des chapitres courts et faciles \u00e0 lire. Une aventure qui associe le roman et le jeu. L&rsquo;histoire : Les parents de Raiponce organisent un bal en l&rsquo;honneur de l&rsquo;orphelinat du royaume.<br \/>\nMais les cadeaux qui \u00e9taient destin\u00e9s aux enfants ont \u00e9t\u00e9 d\u00e9rob\u00e9s ! Raiponce s&rsquo;improvise d\u00e9tective, accompagn\u00e9e de Pascal, Eug\u00e8ne, et Maximus. D\u00e8s 7 ans.<\/p>\n","protected":false},"excerpt":{"rendered":"<p>! Une maquette attractive et dynamique, avec des chapitres courts et faciles \u00e0 lire. Une aventure qui associe le roman et le jeu. L&rsquo;histoire : Les parents de Raiponce organisent un bal en l&rsquo;honneur de l&rsquo;orphelinat du royaume.<br \/>\nMais les cadeaux qui \u00e9taient destin\u00e9s aux enfants ont \u00e9t\u00e9 d\u00e9rob\u00e9s ! Raiponce s&rsquo;improvise d\u00e9tective, accompagn\u00e9e de Pascal, Eug\u00e8ne, et Maximus. D\u00e8s 7 ans.<\/p>\n","protected":false},"featured_media":11681,"comment_status":"open","ping_status":"closed","template":"","meta":{"inline_featured_image":false},"product_cat":[3877,199],"product_tag":[],"class_list":{"0":"post-11680","1":"product","2":"type-product","3":"status-publish","4":"has-post-thumbnail","6":"product_cat-les-histoires-francais","7":"product_cat-histoires","9":"first","10":"instock","11":"shipping-taxable","12":"purchasable","13":"product-type-simple"},"_links":{"self":[{"href":"https:\/\/baralivres.ma\/index.php?rest_route=\/wp\/v2\/product\/11680","targetHints":{"allow":["GET"]}}],"collection":[{"href":"https:\/\/baralivres.ma\/index.php?rest_route=\/wp\/v2\/product"}],"about":[{"href":"https:\/\/baralivres.ma\/index.php?rest_route=\/wp\/v2\/types\/product"}],"replies":[{"embeddable":true,"href":"https:\/\/baralivres.ma\/index.php?rest_route=%2Fwp%2Fv2%2Fcomments&post=11680"}],"version-history":[{"count":1,"href":"https:\/\/baralivres.ma\/index.php?rest_route=\/wp\/v2\/product\/11680\/revisions"}],"predecessor-version":[{"id":11682,"href":"https:\/\/baralivres.ma\/index.php?rest_route=\/wp\/v2\/product\/11680\/revisions\/11682"}],"wp:featuredmedia":[{"embeddable":true,"href":"https:\/\/baralivres.ma\/index.php?rest_route=\/wp\/v2\/media\/11681"}],"wp:attachment":[{"href":"https:\/\/baralivres.ma\/index.php?rest_route=%2Fwp%2Fv2%2Fmedia&parent=11680"}],"wp:term":[{"taxonomy":"product_cat","embeddable":true,"href":"https:\/\/baralivres.ma\/index.php?rest_route=%2Fwp%2Fv2%2Fproduct_cat&post=11680"},{"taxonomy":"product_tag","embeddable":true,"href":"https:\/\/baralivres.ma\/index.php?rest_route=%2Fwp%2Fv2%2Fproduct_tag&post=11680"}],"curies":[{"name":"wp","href":"https:\/\/api.w.org\/{rel}","templated":true}]}}