{"id":11677,"date":"2023-09-01T16:29:48","date_gmt":"2023-09-01T15:29:48","guid":{"rendered":"https:\/\/baralivres.ma\/?post_type=product&#038;p=11677"},"modified":"2024-11-07T16:19:49","modified_gmt":"2024-11-07T15:19:49","slug":"le-petit-prince-tome-11","status":"publish","type":"product","link":"https:\/\/baralivres.ma\/?product=le-petit-prince-tome-11","title":{"rendered":"Le Petit Prince Tome 11"},"content":{"rendered":"<div id=\"resume\" class=\"\n        fp-wide--block\n        fp-wide--block-resume                \"><\/p>\n<div class=\"content\">Thery et Dokan sont amis depuis l&rsquo;enfance. Mais le jour du Grand D\u00e9fi, les voil\u00e0 rivaux : lequel des deux deviendra le nouveau Gargand et assurera la distribution des graines d&rsquo;arbrasouhaits ? Dans l&rsquo;ombre, le Serpent tente de briser leur amiti\u00e9 et d&rsquo;\u00e9teindre leur plan\u00e8te. Heureusement, le Petit Prince et Renard veillent !<\/div>\n<\/div>\n<div id=\"specification\" class=\"\n        fp-wide--block\n        fp-wide--block-specification                \"><\/p>\n<div class=\"fp-wide--block--header\"><\/div>\n<\/div>\n","protected":false},"excerpt":{"rendered":"<div id=\"resume\" class=\"\n        fp-wide--block\n        fp-wide--block-resume                \"><\/p>\n<div class=\"content\">Thery et Dokan sont amis depuis l&rsquo;enfance. Mais le jour du Grand D\u00e9fi, les voil\u00e0 rivaux : lequel des deux deviendra le nouveau Gargand et assurera la distribution des graines d&rsquo;arbrasouhaits ? Dans l&rsquo;ombre, le Serpent tente de briser leur amiti\u00e9 et d&rsquo;\u00e9teindre leur plan\u00e8te. Heureusement, le Petit Prince et Renard veillent !<\/div>\n<\/div>\n<div id=\"specification\" class=\"\n        fp-wide--block\n        fp-wide--block-specification                \"><\/p>\n<div class=\"fp-wide--block--header\"><\/div>\n<\/div>\n","protected":false},"featured_media":11678,"comment_status":"open","ping_status":"closed","template":"","meta":{"inline_featured_image":false},"product_cat":[3877,199],"product_tag":[],"class_list":{"0":"post-11677","1":"product","2":"type-product","3":"status-publish","4":"has-post-thumbnail","6":"product_cat-les-histoires-francais","7":"product_cat-histoires","9":"first","10":"instock","11":"shipping-taxable","12":"purchasable","13":"product-type-simple"},"_links":{"self":[{"href":"https:\/\/baralivres.ma\/index.php?rest_route=\/wp\/v2\/product\/11677","targetHints":{"allow":["GET"]}}],"collection":[{"href":"https:\/\/baralivres.ma\/index.php?rest_route=\/wp\/v2\/product"}],"about":[{"href":"https:\/\/baralivres.ma\/index.php?rest_route=\/wp\/v2\/types\/product"}],"replies":[{"embeddable":true,"href":"https:\/\/baralivres.ma\/index.php?rest_route=%2Fwp%2Fv2%2Fcomments&post=11677"}],"version-history":[{"count":1,"href":"https:\/\/baralivres.ma\/index.php?rest_route=\/wp\/v2\/product\/11677\/revisions"}],"predecessor-version":[{"id":11679,"href":"https:\/\/baralivres.ma\/index.php?rest_route=\/wp\/v2\/product\/11677\/revisions\/11679"}],"wp:featuredmedia":[{"embeddable":true,"href":"https:\/\/baralivres.ma\/index.php?rest_route=\/wp\/v2\/media\/11678"}],"wp:attachment":[{"href":"https:\/\/baralivres.ma\/index.php?rest_route=%2Fwp%2Fv2%2Fmedia&parent=11677"}],"wp:term":[{"taxonomy":"product_cat","embeddable":true,"href":"https:\/\/baralivres.ma\/index.php?rest_route=%2Fwp%2Fv2%2Fproduct_cat&post=11677"},{"taxonomy":"product_tag","embeddable":true,"href":"https:\/\/baralivres.ma\/index.php?rest_route=%2Fwp%2Fv2%2Fproduct_tag&post=11677"}],"curies":[{"name":"wp","href":"https:\/\/api.w.org\/{rel}","templated":true}]}}