{"id":11673,"date":"2023-09-01T16:27:27","date_gmt":"2023-09-01T15:27:27","guid":{"rendered":"https:\/\/baralivres.ma\/?post_type=product&#038;p=11673"},"modified":"2024-11-07T16:20:48","modified_gmt":"2024-11-07T15:20:48","slug":"les-chroniques-de-braven-oc-tome-1","status":"publish","type":"product","link":"https:\/\/baralivres.ma\/?product=les-chroniques-de-braven-oc-tome-1","title":{"rendered":"Les chroniques de Braven Oc Tome 1"},"content":{"rendered":"<p>Dans un futur lointain, o\u00f9 la Terre a bien chang\u00e9, le jeune Braven Oc d\u00e9couvre que les habitants de son village ont \u00e9t\u00e9 victimes d&rsquo;un terrible sortil\u00e8ge jet\u00e9 par les Homoplantes. Apr\u00e8s la grande catastrophe \u00e9cologique et la fin du r\u00e8gne des humains, ce sont ces cr\u00e9atures \u00e9tranges qui r\u00e8gnent d\u00e9sormais en ma\u00eetres sur la plan\u00e8te. Braven Oc, aid\u00e9 par de curieux amis aux pouvoirs magiques, va devoir retrouver la l\u00e9gendaire \u00e9p\u00e9e de Galamus pour lib\u00e9rer son village.<br \/>\nMais la mission est difficile en ces temps hostiles.<\/p>\n","protected":false},"excerpt":{"rendered":"<p>Dans un futur lointain, o\u00f9 la Terre a bien chang\u00e9, le jeune Braven Oc d\u00e9couvre que les habitants de son village ont \u00e9t\u00e9 victimes d&rsquo;un terrible sortil\u00e8ge jet\u00e9 par les Homoplantes. Apr\u00e8s la grande catastrophe \u00e9cologique et la fin du r\u00e8gne des humains, ce sont ces cr\u00e9atures \u00e9tranges qui r\u00e8gnent d\u00e9sormais en ma\u00eetres sur la plan\u00e8te. Braven Oc, aid\u00e9 par de curieux amis aux pouvoirs magiques, va devoir retrouver la l\u00e9gendaire \u00e9p\u00e9e de Galamus pour lib\u00e9rer son village.<br \/>\nMais la mission est difficile en ces temps hostiles.<\/p>\n","protected":false},"featured_media":11675,"comment_status":"open","ping_status":"closed","template":"","meta":{"inline_featured_image":false},"product_cat":[3877,199],"product_tag":[],"class_list":{"0":"post-11673","1":"product","2":"type-product","3":"status-publish","4":"has-post-thumbnail","6":"product_cat-les-histoires-francais","7":"product_cat-histoires","9":"first","10":"instock","11":"shipping-taxable","12":"purchasable","13":"product-type-simple"},"_links":{"self":[{"href":"https:\/\/baralivres.ma\/index.php?rest_route=\/wp\/v2\/product\/11673","targetHints":{"allow":["GET"]}}],"collection":[{"href":"https:\/\/baralivres.ma\/index.php?rest_route=\/wp\/v2\/product"}],"about":[{"href":"https:\/\/baralivres.ma\/index.php?rest_route=\/wp\/v2\/types\/product"}],"replies":[{"embeddable":true,"href":"https:\/\/baralivres.ma\/index.php?rest_route=%2Fwp%2Fv2%2Fcomments&post=11673"}],"version-history":[{"count":1,"href":"https:\/\/baralivres.ma\/index.php?rest_route=\/wp\/v2\/product\/11673\/revisions"}],"predecessor-version":[{"id":11676,"href":"https:\/\/baralivres.ma\/index.php?rest_route=\/wp\/v2\/product\/11673\/revisions\/11676"}],"wp:featuredmedia":[{"embeddable":true,"href":"https:\/\/baralivres.ma\/index.php?rest_route=\/wp\/v2\/media\/11675"}],"wp:attachment":[{"href":"https:\/\/baralivres.ma\/index.php?rest_route=%2Fwp%2Fv2%2Fmedia&parent=11673"}],"wp:term":[{"taxonomy":"product_cat","embeddable":true,"href":"https:\/\/baralivres.ma\/index.php?rest_route=%2Fwp%2Fv2%2Fproduct_cat&post=11673"},{"taxonomy":"product_tag","embeddable":true,"href":"https:\/\/baralivres.ma\/index.php?rest_route=%2Fwp%2Fv2%2Fproduct_tag&post=11673"}],"curies":[{"name":"wp","href":"https:\/\/api.w.org\/{rel}","templated":true}]}}