{"id":11670,"date":"2023-09-01T16:16:41","date_gmt":"2023-09-01T15:16:41","guid":{"rendered":"https:\/\/baralivres.ma\/?post_type=product&#038;p=11670"},"modified":"2024-11-07T16:21:50","modified_gmt":"2024-11-07T15:21:50","slug":"la-vie-compliquee-de-lea-olivier-tome-1","status":"publish","type":"product","link":"https:\/\/baralivres.ma\/?product=la-vie-compliquee-de-lea-olivier-tome-1","title":{"rendered":"La vie compliqu\u00e9e de L\u00e9a Olivier Tome 1"},"content":{"rendered":"<p>L&rsquo;existence de L\u00e9a Olivier est chamboul\u00e9e lorsque ses parents lui annoncent qu&rsquo;elle devra quitter son village natal pour s&rsquo;installer avec eux et son grand fr\u00e8re F\u00e9lix \u00e0 Montr\u00e9al. Gr\u00e2ce aux chats et aux mails \u00e9chang\u00e9s avec sa meilleure amie Marilou, son amoureux Thomas et ses \u00ab\u00a0nouveaux amis\u00a0\u00bb, L\u00e9a nous raconte les hauts et les bas de son adaptation dans la grande m\u00e9tropole : un fr\u00e8re trop beau et trop populaire, des notes d&rsquo;anglais plut\u00f4t m\u00e9diocres, une relation \u00e0 distance houleuse, une bande de filles qui lui causent des ennuis&#8230;<br \/>\nBref, La Vie compliqu\u00e9e de L\u00e9a Olivier !<\/p>\n","protected":false},"excerpt":{"rendered":"<p>Gr\u00e2ce aux chats et aux mails \u00e9chang\u00e9s avec sa meilleure amie Marilou, son amoureux Thomas et ses \u00ab\u00a0nouveaux amis\u00a0\u00bb, L\u00e9a nous raconte les hauts et les bas de son adaptation dans la grande m\u00e9tropole : un fr\u00e8re trop beau et trop populaire, des notes d&rsquo;anglais plut\u00f4t m\u00e9diocres, une relation \u00e0 distance houleuse, une bande de filles qui lui causent des ennuis&#8230;<br \/>\nBref, La Vie compliqu\u00e9e de L\u00e9a Olivier !<\/p>\n","protected":false},"featured_media":11671,"comment_status":"open","ping_status":"closed","template":"","meta":{"inline_featured_image":false},"product_cat":[3877,199],"product_tag":[],"class_list":{"0":"post-11670","1":"product","2":"type-product","3":"status-publish","4":"has-post-thumbnail","6":"product_cat-les-histoires-francais","7":"product_cat-histoires","9":"first","10":"instock","11":"shipping-taxable","12":"purchasable","13":"product-type-simple"},"_links":{"self":[{"href":"https:\/\/baralivres.ma\/index.php?rest_route=\/wp\/v2\/product\/11670","targetHints":{"allow":["GET"]}}],"collection":[{"href":"https:\/\/baralivres.ma\/index.php?rest_route=\/wp\/v2\/product"}],"about":[{"href":"https:\/\/baralivres.ma\/index.php?rest_route=\/wp\/v2\/types\/product"}],"replies":[{"embeddable":true,"href":"https:\/\/baralivres.ma\/index.php?rest_route=%2Fwp%2Fv2%2Fcomments&post=11670"}],"version-history":[{"count":1,"href":"https:\/\/baralivres.ma\/index.php?rest_route=\/wp\/v2\/product\/11670\/revisions"}],"predecessor-version":[{"id":11672,"href":"https:\/\/baralivres.ma\/index.php?rest_route=\/wp\/v2\/product\/11670\/revisions\/11672"}],"wp:featuredmedia":[{"embeddable":true,"href":"https:\/\/baralivres.ma\/index.php?rest_route=\/wp\/v2\/media\/11671"}],"wp:attachment":[{"href":"https:\/\/baralivres.ma\/index.php?rest_route=%2Fwp%2Fv2%2Fmedia&parent=11670"}],"wp:term":[{"taxonomy":"product_cat","embeddable":true,"href":"https:\/\/baralivres.ma\/index.php?rest_route=%2Fwp%2Fv2%2Fproduct_cat&post=11670"},{"taxonomy":"product_tag","embeddable":true,"href":"https:\/\/baralivres.ma\/index.php?rest_route=%2Fwp%2Fv2%2Fproduct_tag&post=11670"}],"curies":[{"name":"wp","href":"https:\/\/api.w.org\/{rel}","templated":true}]}}