{"id":11667,"date":"2023-09-01T16:13:29","date_gmt":"2023-09-01T15:13:29","guid":{"rendered":"https:\/\/baralivres.ma\/?post_type=product&#038;p=11667"},"modified":"2024-11-18T14:31:38","modified_gmt":"2024-11-18T13:31:38","slug":"eragon-tome-1","status":"publish","type":"product","link":"https:\/\/baralivres.ma\/?product=eragon-tome-1","title":{"rendered":"ERAGON TOME 1"},"content":{"rendered":"<p>Le soleil se leva le lendemain, d\u00e9clinant une magnifique palette de roses et de jaunes. L&rsquo;air \u00e9tait pur et glacial. La glace emprisonnait les bords des torrents ; les petits \u00e9tangs, eux, \u00e9taient gel\u00e9s sur toute leur surface. Eragon avala un peu de porridge avant de redescendre dans le vallon o\u00f9 \u00e9tait apparue la pierre. Il examina le site avec attention ; mais le petit matin n&rsquo;apporta pas d&rsquo;\u00e9clairage nouveau sur la sc\u00e8ne. Il d\u00e9cida de rentrer chez lui.<br \/>\nLe chemin \u00e9tait envahi par la v\u00e9g\u00e9tation. \u00c0 certains endroits, il disparaissait compl\u00e8tement. Comme il avait \u00e9t\u00e9 dessin\u00e9 par les all\u00e9es et venues fortuites des animaux sauvages, Eragon tombait par moments sur ses propres traces et faisait de longs d\u00e9tours. Cependant, malgr\u00e9 ses zigzags, c&rsquo;\u00e9tait la voie la plus directe pour sortir de cette partie r\u00e9put\u00e9e \u00abinfr\u00e9quentable\u00bb des montagnes : la Cr\u00eate.<br \/>\nLa Cr\u00eate \u00e9tait l&rsquo;un des seuls lieux dont le roi Galbatorix ne pouvait pas pr\u00e9tendre \u00eatre le ma\u00eetre et seigneur. Bien des d\u00e9cennies plus tard, on racontait encore comment la moiti\u00e9 de son arm\u00e9e avait disparu, le jour o\u00f9 elle s&rsquo;\u00e9tait aventur\u00e9e dans la vieille for\u00eat. Une chape de malchance et de mal\u00e9diction semblait peser sur les bois. A priori, rien d&rsquo;extraordinaire, pourtant : les arbres dressaient leurs hautes silhouettes ; le ciel \u00e9tait radieux ; n\u00e9anmoins, rares \u00e9taient ceux qui, ayant os\u00e9 s&rsquo;attarder sur ces massifs, en revenaient indemnes&#8230; quand ils en revenaient !<br \/>\nEragon \u00e9tait de ceux-l\u00e0. Il n&rsquo;avait pas l&rsquo;impression d&rsquo;avoir un don particulier ; simplement, ses sens \u00e9taient toujours en alerte, et il avait d&rsquo;excellents r\u00e9flexes. Bien qu&rsquo;il sillonn\u00e2t la montagne depuis de longues ann\u00e9es, sa m\u00e9fiance demeurait intacte. Et pour cause : \u00e0 peine pensait-il avoir perc\u00e9 tous les myst\u00e8res de la nature qu&rsquo;un \u00e9v\u00e9nement inattendu se chargeait de lui prouver qu&rsquo;il n&rsquo;\u00e9tait pas au bout de ses surprises. Dernier exemple en date : l&rsquo;apparition de la pierre.<\/p>\n","protected":false},"excerpt":{"rendered":"<p>Jeune gar\u00e7on de ferme, Eragon m\u00e8ne une existence sans histoires dans un village de l&rsquo;Alaga\u00ebsia. Jusqu&rsquo;au jour o\u00f9 il d\u00e9couvre une magnifique pierre bleue. Il n&rsquo;imagine pas alors qu&rsquo;il s&rsquo;agit d&rsquo;un oeuf de dragon, et que sa vie va \u00eatre boulevers\u00e9e. Il deviendra Dragonnier, h\u00e9ritier d&rsquo;une caste d&rsquo;\u00e9lite que le\u00a0<span id=\"js-showResume\" class=\"showResume\">roi veut \u00e9radiquer&#8230; Eragon n&rsquo;a que seize ans, mais le destin du royaume est entre ses mains.<\/span><\/p>\n","protected":false},"featured_media":11668,"comment_status":"open","ping_status":"closed","template":"","meta":{"inline_featured_image":false},"product_cat":[203,204],"product_tag":[],"class_list":{"0":"post-11667","1":"product","2":"type-product","3":"status-publish","4":"has-post-thumbnail","6":"product_cat-adolescente","7":"product_cat-francais","9":"first","10":"instock","11":"shipping-taxable","12":"purchasable","13":"product-type-simple"},"_links":{"self":[{"href":"https:\/\/baralivres.ma\/index.php?rest_route=\/wp\/v2\/product\/11667","targetHints":{"allow":["GET"]}}],"collection":[{"href":"https:\/\/baralivres.ma\/index.php?rest_route=\/wp\/v2\/product"}],"about":[{"href":"https:\/\/baralivres.ma\/index.php?rest_route=\/wp\/v2\/types\/product"}],"replies":[{"embeddable":true,"href":"https:\/\/baralivres.ma\/index.php?rest_route=%2Fwp%2Fv2%2Fcomments&post=11667"}],"version-history":[{"count":1,"href":"https:\/\/baralivres.ma\/index.php?rest_route=\/wp\/v2\/product\/11667\/revisions"}],"predecessor-version":[{"id":11669,"href":"https:\/\/baralivres.ma\/index.php?rest_route=\/wp\/v2\/product\/11667\/revisions\/11669"}],"wp:featuredmedia":[{"embeddable":true,"href":"https:\/\/baralivres.ma\/index.php?rest_route=\/wp\/v2\/media\/11668"}],"wp:attachment":[{"href":"https:\/\/baralivres.ma\/index.php?rest_route=%2Fwp%2Fv2%2Fmedia&parent=11667"}],"wp:term":[{"taxonomy":"product_cat","embeddable":true,"href":"https:\/\/baralivres.ma\/index.php?rest_route=%2Fwp%2Fv2%2Fproduct_cat&post=11667"},{"taxonomy":"product_tag","embeddable":true,"href":"https:\/\/baralivres.ma\/index.php?rest_route=%2Fwp%2Fv2%2Fproduct_tag&post=11667"}],"curies":[{"name":"wp","href":"https:\/\/api.w.org\/{rel}","templated":true}]}}