{"id":11649,"date":"2023-09-01T15:58:25","date_gmt":"2023-09-01T14:58:25","guid":{"rendered":"https:\/\/baralivres.ma\/?post_type=product&#038;p=11649"},"modified":"2024-11-18T14:33:23","modified_gmt":"2024-11-18T13:33:23","slug":"coq-academie","status":"publish","type":"product","link":"https:\/\/baralivres.ma\/?product=coq-academie","title":{"rendered":"Coq Acad\u00e9mie"},"content":{"rendered":"<p>Le vieux coq Roust\u00e8re en a assez de se r\u00e9veiller t\u00f4t tous les matins pour chanter au lever du soleil. Il a d\u00e9cid\u00e9 de laisser sa place. Des auditions sont organis\u00e9es pour lui trouver un digne rempla\u00e7ant. De nombreux participants se pr\u00e9sentent devant le jury. Du cochon \u00e0 la vache, en passant par la ch\u00e8vre et m\u00eame la chauve-souris, chacun tente sa chance. Qui gagnera ?<\/p>\n","protected":false},"excerpt":{"rendered":"<p>Le vieux coq Roust\u00e8re en a assez de se r\u00e9veiller t\u00f4t tous les matins pour chanter au lever du soleil. Il a d\u00e9cid\u00e9 de laisser sa place. Des auditions sont organis\u00e9es pour lui trouver un digne rempla\u00e7ant. De nombreux participants se pr\u00e9sentent devant le jury. Du cochon \u00e0 la vache, en passant par la ch\u00e8vre et m\u00eame la chauve-souris, chacun tente sa chance. Qui gagnera ?<\/p>\n","protected":false},"featured_media":11650,"comment_status":"open","ping_status":"closed","template":"","meta":{"inline_featured_image":false},"product_cat":[203,204],"product_tag":[],"class_list":{"0":"post-11649","1":"product","2":"type-product","3":"status-publish","4":"has-post-thumbnail","6":"product_cat-adolescente","7":"product_cat-francais","9":"first","10":"instock","11":"shipping-taxable","12":"purchasable","13":"product-type-simple"},"_links":{"self":[{"href":"https:\/\/baralivres.ma\/index.php?rest_route=\/wp\/v2\/product\/11649","targetHints":{"allow":["GET"]}}],"collection":[{"href":"https:\/\/baralivres.ma\/index.php?rest_route=\/wp\/v2\/product"}],"about":[{"href":"https:\/\/baralivres.ma\/index.php?rest_route=\/wp\/v2\/types\/product"}],"replies":[{"embeddable":true,"href":"https:\/\/baralivres.ma\/index.php?rest_route=%2Fwp%2Fv2%2Fcomments&post=11649"}],"version-history":[{"count":1,"href":"https:\/\/baralivres.ma\/index.php?rest_route=\/wp\/v2\/product\/11649\/revisions"}],"predecessor-version":[{"id":11651,"href":"https:\/\/baralivres.ma\/index.php?rest_route=\/wp\/v2\/product\/11649\/revisions\/11651"}],"wp:featuredmedia":[{"embeddable":true,"href":"https:\/\/baralivres.ma\/index.php?rest_route=\/wp\/v2\/media\/11650"}],"wp:attachment":[{"href":"https:\/\/baralivres.ma\/index.php?rest_route=%2Fwp%2Fv2%2Fmedia&parent=11649"}],"wp:term":[{"taxonomy":"product_cat","embeddable":true,"href":"https:\/\/baralivres.ma\/index.php?rest_route=%2Fwp%2Fv2%2Fproduct_cat&post=11649"},{"taxonomy":"product_tag","embeddable":true,"href":"https:\/\/baralivres.ma\/index.php?rest_route=%2Fwp%2Fv2%2Fproduct_tag&post=11649"}],"curies":[{"name":"wp","href":"https:\/\/api.w.org\/{rel}","templated":true}]}}