{"id":11641,"date":"2023-08-31T17:27:17","date_gmt":"2023-08-31T16:27:17","guid":{"rendered":"https:\/\/baralivres.ma\/?post_type=product&#038;p=11641"},"modified":"2024-10-29T13:08:01","modified_gmt":"2024-10-29T12:08:01","slug":"coffret-il-ne-faut-pas-toucher-un-monstre","status":"publish","type":"product","link":"https:\/\/baralivres.ma\/?product=coffret-il-ne-faut-pas-toucher-un-monstre","title":{"rendered":"Coffret Il ne faut pas toucher un monstre"},"content":{"rendered":"<p>C&rsquo;est si joli de dessiner sur les vitres. Et c&rsquo;est aussi tr\u00e8s amusant. Voil\u00e0 une activit\u00e9 qui va enchanter les fans de licornes ! C&rsquo;est facile, il suffit de choisir un dessin, de fixer le poster c\u00f4t\u00e9 ext\u00e9rieur et de d\u00e9calquer les contours avec le feutre craie. Avec quatre couleurs, c&rsquo;est encore plus joli ! Des licornes qui font du toboggan sur les arc-en-ciel, qui dansent sous la pluie ou qui glissent sur la neige&#8230;<br \/>\nLes dessins sont po\u00e9tiques et le r\u00e9sultat est f\u00e9erique.<\/p>\n","protected":false},"excerpt":{"rendered":"<p>C&rsquo;est si joli de dessiner sur les vitres. Et c&rsquo;est aussi tr\u00e8s amusant.<\/p>\n","protected":false},"featured_media":11642,"comment_status":"open","ping_status":"closed","template":"","meta":{"inline_featured_image":false},"product_cat":[3875,201,200],"product_tag":[],"class_list":{"0":"post-11641","1":"product","2":"type-product","3":"status-publish","4":"has-post-thumbnail","6":"product_cat-coffret-francais","7":"product_cat-coffret","8":"product_cat-activites","10":"first","11":"instock","12":"shipping-taxable","13":"purchasable","14":"product-type-simple"},"_links":{"self":[{"href":"https:\/\/baralivres.ma\/index.php?rest_route=\/wp\/v2\/product\/11641","targetHints":{"allow":["GET"]}}],"collection":[{"href":"https:\/\/baralivres.ma\/index.php?rest_route=\/wp\/v2\/product"}],"about":[{"href":"https:\/\/baralivres.ma\/index.php?rest_route=\/wp\/v2\/types\/product"}],"replies":[{"embeddable":true,"href":"https:\/\/baralivres.ma\/index.php?rest_route=%2Fwp%2Fv2%2Fcomments&post=11641"}],"version-history":[{"count":2,"href":"https:\/\/baralivres.ma\/index.php?rest_route=\/wp\/v2\/product\/11641\/revisions"}],"predecessor-version":[{"id":11644,"href":"https:\/\/baralivres.ma\/index.php?rest_route=\/wp\/v2\/product\/11641\/revisions\/11644"}],"wp:featuredmedia":[{"embeddable":true,"href":"https:\/\/baralivres.ma\/index.php?rest_route=\/wp\/v2\/media\/11642"}],"wp:attachment":[{"href":"https:\/\/baralivres.ma\/index.php?rest_route=%2Fwp%2Fv2%2Fmedia&parent=11641"}],"wp:term":[{"taxonomy":"product_cat","embeddable":true,"href":"https:\/\/baralivres.ma\/index.php?rest_route=%2Fwp%2Fv2%2Fproduct_cat&post=11641"},{"taxonomy":"product_tag","embeddable":true,"href":"https:\/\/baralivres.ma\/index.php?rest_route=%2Fwp%2Fv2%2Fproduct_tag&post=11641"}],"curies":[{"name":"wp","href":"https:\/\/api.w.org\/{rel}","templated":true}]}}