{"id":11626,"date":"2023-08-31T16:32:56","date_gmt":"2023-08-31T15:32:56","guid":{"rendered":"https:\/\/baralivres.ma\/?post_type=product&#038;p=11626"},"modified":"2024-11-18T14:33:50","modified_gmt":"2024-11-18T13:33:50","slug":"une-vraie-catastrophe","status":"publish","type":"product","link":"https:\/\/baralivres.ma\/?product=une-vraie-catastrophe","title":{"rendered":"Une vraie catastrophe!"},"content":{"rendered":"<p>Lorsqu\u2019ils d\u00e9couvrent que le t\u00e9l\u00e9viseur de tous les \u00e9l\u00e8ves de leur classe est tomb\u00e9 en panne le m\u00eame soir, Marina et son ami Fabien d\u00e9cident de mener leur enqu\u00eate dans l\u2019espoir d\u2019\u00e9claircir ce ph\u00e9nom\u00e8ne myst\u00e9rieux<\/p>\n","protected":false},"excerpt":{"rendered":"<p>Lorsqu\u2019ils d\u00e9couvrent que le t\u00e9l\u00e9viseur de tous les \u00e9l\u00e8ves de leur classe est tomb\u00e9 en panne le m\u00eame soir, Marina et son ami Fabien d\u00e9cident de mener leur enqu\u00eate dans l\u2019espoir d\u2019\u00e9claircir ce ph\u00e9nom\u00e8ne myst\u00e9rieux<\/p>\n","protected":false},"featured_media":11627,"comment_status":"open","ping_status":"closed","template":"","meta":{"inline_featured_image":false},"product_cat":[203,204],"product_tag":[],"class_list":{"0":"post-11626","1":"product","2":"type-product","3":"status-publish","4":"has-post-thumbnail","6":"product_cat-adolescente","7":"product_cat-francais","9":"first","10":"instock","11":"shipping-taxable","12":"purchasable","13":"product-type-simple"},"_links":{"self":[{"href":"https:\/\/baralivres.ma\/index.php?rest_route=\/wp\/v2\/product\/11626","targetHints":{"allow":["GET"]}}],"collection":[{"href":"https:\/\/baralivres.ma\/index.php?rest_route=\/wp\/v2\/product"}],"about":[{"href":"https:\/\/baralivres.ma\/index.php?rest_route=\/wp\/v2\/types\/product"}],"replies":[{"embeddable":true,"href":"https:\/\/baralivres.ma\/index.php?rest_route=%2Fwp%2Fv2%2Fcomments&post=11626"}],"version-history":[{"count":1,"href":"https:\/\/baralivres.ma\/index.php?rest_route=\/wp\/v2\/product\/11626\/revisions"}],"predecessor-version":[{"id":11628,"href":"https:\/\/baralivres.ma\/index.php?rest_route=\/wp\/v2\/product\/11626\/revisions\/11628"}],"wp:featuredmedia":[{"embeddable":true,"href":"https:\/\/baralivres.ma\/index.php?rest_route=\/wp\/v2\/media\/11627"}],"wp:attachment":[{"href":"https:\/\/baralivres.ma\/index.php?rest_route=%2Fwp%2Fv2%2Fmedia&parent=11626"}],"wp:term":[{"taxonomy":"product_cat","embeddable":true,"href":"https:\/\/baralivres.ma\/index.php?rest_route=%2Fwp%2Fv2%2Fproduct_cat&post=11626"},{"taxonomy":"product_tag","embeddable":true,"href":"https:\/\/baralivres.ma\/index.php?rest_route=%2Fwp%2Fv2%2Fproduct_tag&post=11626"}],"curies":[{"name":"wp","href":"https:\/\/api.w.org\/{rel}","templated":true}]}}