{"id":11612,"date":"2023-08-31T16:25:52","date_gmt":"2023-08-31T15:25:52","guid":{"rendered":"https:\/\/baralivres.ma\/?post_type=product&#038;p=11612"},"modified":"2023-11-07T13:08:06","modified_gmt":"2023-11-07T12:08:06","slug":"15correspondance-dafrique-t-24","status":"publish","type":"product","link":"https:\/\/baralivres.ma\/?product=15correspondance-dafrique-t-24","title":{"rendered":"15Correspondance d&rsquo;Afrique T.24"},"content":{"rendered":"<p>Un nouveau projet d\u2019\u00e9criture en classe? Justine ne semble pas trop enthousiaste et pourtant, une belle amiti\u00e9, un nouveau pays \u00e0 d\u00e9couvrir se profilent au bout de sa plume!<\/p>\n","protected":false},"excerpt":{"rendered":"<p>Un nouveau projet d\u2019\u00e9criture en classe? Justine ne semble pas trop enthousiaste et pourtant, une belle amiti\u00e9, un nouveau pays \u00e0 d\u00e9couvrir se profilent au bout de sa plume!<\/p>\n","protected":false},"featured_media":11614,"comment_status":"open","ping_status":"closed","template":"","meta":{"inline_featured_image":false},"product_cat":[203,204],"product_tag":[],"class_list":{"0":"post-11612","1":"product","2":"type-product","3":"status-publish","4":"has-post-thumbnail","6":"product_cat-adolescente","7":"product_cat-francais","9":"first","10":"instock","11":"shipping-taxable","12":"purchasable","13":"product-type-simple"},"_links":{"self":[{"href":"https:\/\/baralivres.ma\/index.php?rest_route=\/wp\/v2\/product\/11612","targetHints":{"allow":["GET"]}}],"collection":[{"href":"https:\/\/baralivres.ma\/index.php?rest_route=\/wp\/v2\/product"}],"about":[{"href":"https:\/\/baralivres.ma\/index.php?rest_route=\/wp\/v2\/types\/product"}],"replies":[{"embeddable":true,"href":"https:\/\/baralivres.ma\/index.php?rest_route=%2Fwp%2Fv2%2Fcomments&post=11612"}],"version-history":[{"count":2,"href":"https:\/\/baralivres.ma\/index.php?rest_route=\/wp\/v2\/product\/11612\/revisions"}],"predecessor-version":[{"id":11615,"href":"https:\/\/baralivres.ma\/index.php?rest_route=\/wp\/v2\/product\/11612\/revisions\/11615"}],"wp:featuredmedia":[{"embeddable":true,"href":"https:\/\/baralivres.ma\/index.php?rest_route=\/wp\/v2\/media\/11614"}],"wp:attachment":[{"href":"https:\/\/baralivres.ma\/index.php?rest_route=%2Fwp%2Fv2%2Fmedia&parent=11612"}],"wp:term":[{"taxonomy":"product_cat","embeddable":true,"href":"https:\/\/baralivres.ma\/index.php?rest_route=%2Fwp%2Fv2%2Fproduct_cat&post=11612"},{"taxonomy":"product_tag","embeddable":true,"href":"https:\/\/baralivres.ma\/index.php?rest_route=%2Fwp%2Fv2%2Fproduct_tag&post=11612"}],"curies":[{"name":"wp","href":"https:\/\/api.w.org\/{rel}","templated":true}]}}