{"id":11599,"date":"2023-08-31T16:20:14","date_gmt":"2023-08-31T15:20:14","guid":{"rendered":"https:\/\/baralivres.ma\/?post_type=product&#038;p=11599"},"modified":"2024-11-18T14:02:04","modified_gmt":"2024-11-18T13:02:04","slug":"mysterieux-secret-t19-le","status":"publish","type":"product","link":"https:\/\/baralivres.ma\/?product=mysterieux-secret-t19-le","title":{"rendered":"Mysterieux secret t19 -le"},"content":{"rendered":"<p>Marina ne reconna\u00eet plus son meilleur ami Fabien. Non seulement a-t-il des comportements \u00e9tranges, mais de plus, elle a remarqu\u00e9 que Fabien s&rsquo;ach\u00e8te beaucoup de nouvelles choses. O\u00f9 prend-il tout cet argent? Il a un nouveau veston de cuir et un lecteur CD tout neuf. Des choses qu&rsquo;il n&rsquo;avait pas les moyens de s&rsquo;offrir auparavant. Marina est bien d\u00e9cid\u00e9e. Elle va espionner Fabien et le suivre comme son ombre jusqu&rsquo;\u00e0 ce qu&rsquo;elle d\u00e9couvre son secret.<\/p>\n","protected":false},"excerpt":{"rendered":"<p>. O\u00f9 prend-il tout cet argent? Il a un nouveau veston de cuir et un lecteur CD tout neuf. Des choses qu&rsquo;il n&rsquo;avait pas les moyens de s&rsquo;offrir auparavant. Marina est bien d\u00e9cid\u00e9e. Elle va espionner Fabien et le suivre comme son ombre jusqu&rsquo;\u00e0 ce qu&rsquo;elle d\u00e9couvre son secret.<\/p>\n","protected":false},"featured_media":11600,"comment_status":"open","ping_status":"closed","template":"","meta":{"inline_featured_image":false},"product_cat":[203,204],"product_tag":[],"class_list":{"0":"post-11599","1":"product","2":"type-product","3":"status-publish","4":"has-post-thumbnail","6":"product_cat-adolescente","7":"product_cat-francais","9":"first","10":"instock","11":"shipping-taxable","12":"purchasable","13":"product-type-simple"},"_links":{"self":[{"href":"https:\/\/baralivres.ma\/index.php?rest_route=\/wp\/v2\/product\/11599","targetHints":{"allow":["GET"]}}],"collection":[{"href":"https:\/\/baralivres.ma\/index.php?rest_route=\/wp\/v2\/product"}],"about":[{"href":"https:\/\/baralivres.ma\/index.php?rest_route=\/wp\/v2\/types\/product"}],"replies":[{"embeddable":true,"href":"https:\/\/baralivres.ma\/index.php?rest_route=%2Fwp%2Fv2%2Fcomments&post=11599"}],"version-history":[{"count":1,"href":"https:\/\/baralivres.ma\/index.php?rest_route=\/wp\/v2\/product\/11599\/revisions"}],"predecessor-version":[{"id":11601,"href":"https:\/\/baralivres.ma\/index.php?rest_route=\/wp\/v2\/product\/11599\/revisions\/11601"}],"wp:featuredmedia":[{"embeddable":true,"href":"https:\/\/baralivres.ma\/index.php?rest_route=\/wp\/v2\/media\/11600"}],"wp:attachment":[{"href":"https:\/\/baralivres.ma\/index.php?rest_route=%2Fwp%2Fv2%2Fmedia&parent=11599"}],"wp:term":[{"taxonomy":"product_cat","embeddable":true,"href":"https:\/\/baralivres.ma\/index.php?rest_route=%2Fwp%2Fv2%2Fproduct_cat&post=11599"},{"taxonomy":"product_tag","embeddable":true,"href":"https:\/\/baralivres.ma\/index.php?rest_route=%2Fwp%2Fv2%2Fproduct_tag&post=11599"}],"curies":[{"name":"wp","href":"https:\/\/api.w.org\/{rel}","templated":true}]}}