{"id":11593,"date":"2023-08-31T16:16:56","date_gmt":"2023-08-31T15:16:56","guid":{"rendered":"https:\/\/baralivres.ma\/?post_type=product&#038;p=11593"},"modified":"2025-12-18T10:33:50","modified_gmt":"2025-12-18T09:33:50","slug":"coffret-lettres-magnetiques","status":"publish","type":"product","link":"https:\/\/baralivres.ma\/?product=coffret-lettres-magnetiques","title":{"rendered":"Coffret Lettres magn\u00e9tiques"},"content":{"rendered":"<p>\u00ab\u00a0D\u00e9voilons, plus t\u00f4t, plus simplement, et avec la graphie qui leur est la plus famili\u00e8re, le son des lettres aux jeunes enfants\u00a0\u00bb. C\u00e9line Alvarez Ce coffret est compos\u00e9 de 86 lettres, digrammes et images en bois aimant\u00e9, et un livret \u00a0\u00bb Une entr\u00e9e naturelle dans la lecture \u00a0\u00bb \u00e9crit par C\u00e9line Alvarez.<\/p>\n","protected":false},"excerpt":{"rendered":"<p>\u00ab\u00a0D\u00e9voilons, plus t\u00f4t, plus simplement, et avec la graphie qui leur est la plus famili\u00e8re, le son des lettres aux jeunes enfants\u00a0\u00bb.<\/p>\n","protected":false},"featured_media":11594,"comment_status":"open","ping_status":"closed","template":"","meta":{"inline_featured_image":false},"product_cat":[3875,201,200],"product_tag":[],"class_list":{"0":"post-11593","1":"product","2":"type-product","3":"status-publish","4":"has-post-thumbnail","6":"product_cat-coffret-francais","7":"product_cat-coffret","8":"product_cat-activites","10":"first","11":"instock","12":"shipping-taxable","13":"purchasable","14":"product-type-simple"},"_links":{"self":[{"href":"https:\/\/baralivres.ma\/index.php?rest_route=\/wp\/v2\/product\/11593","targetHints":{"allow":["GET"]}}],"collection":[{"href":"https:\/\/baralivres.ma\/index.php?rest_route=\/wp\/v2\/product"}],"about":[{"href":"https:\/\/baralivres.ma\/index.php?rest_route=\/wp\/v2\/types\/product"}],"replies":[{"embeddable":true,"href":"https:\/\/baralivres.ma\/index.php?rest_route=%2Fwp%2Fv2%2Fcomments&post=11593"}],"version-history":[{"count":1,"href":"https:\/\/baralivres.ma\/index.php?rest_route=\/wp\/v2\/product\/11593\/revisions"}],"predecessor-version":[{"id":11595,"href":"https:\/\/baralivres.ma\/index.php?rest_route=\/wp\/v2\/product\/11593\/revisions\/11595"}],"wp:featuredmedia":[{"embeddable":true,"href":"https:\/\/baralivres.ma\/index.php?rest_route=\/wp\/v2\/media\/11594"}],"wp:attachment":[{"href":"https:\/\/baralivres.ma\/index.php?rest_route=%2Fwp%2Fv2%2Fmedia&parent=11593"}],"wp:term":[{"taxonomy":"product_cat","embeddable":true,"href":"https:\/\/baralivres.ma\/index.php?rest_route=%2Fwp%2Fv2%2Fproduct_cat&post=11593"},{"taxonomy":"product_tag","embeddable":true,"href":"https:\/\/baralivres.ma\/index.php?rest_route=%2Fwp%2Fv2%2Fproduct_tag&post=11593"}],"curies":[{"name":"wp","href":"https:\/\/api.w.org\/{rel}","templated":true}]}}