{"id":11591,"date":"2023-08-31T16:17:02","date_gmt":"2023-08-31T15:17:02","guid":{"rendered":"https:\/\/baralivres.ma\/?post_type=product&#038;p=11591"},"modified":"2024-11-18T14:02:28","modified_gmt":"2024-11-18T13:02:28","slug":"mon-pere-est-un-diplodocus","status":"publish","type":"product","link":"https:\/\/baralivres.ma\/?product=mon-pere-est-un-diplodocus","title":{"rendered":"Mon p\u00e8re est un diplodocus"},"content":{"rendered":"<p>Quand Zo\u00e9 apprend que son cousin Gr\u00e9goire vient passer quelques jours chez elle, son sang ne fait qu&rsquo;un tour : Zo\u00e9 d\u00e9teste Gr\u00e9goire ! Plus encore lorsqu&rsquo;il l&rsquo;entra\u00eene au mus\u00e9e pour \u00e9tudier les dinosaures. Elle n&rsquo;a alors qu&rsquo;une seule envie : le voir dispara\u00eetre ! Elle est loin d&rsquo;imaginer que parfois, les souhaits se r\u00e9alisent&#8230;<\/p>\n","protected":false},"excerpt":{"rendered":"<p>Zo\u00e9 d\u00e9teste Gr\u00e9goire ! Plus encore lorsqu&rsquo;il l&rsquo;entra\u00eene au mus\u00e9e pour \u00e9tudier les dinosaures. Elle n&rsquo;a alors qu&rsquo;une seule envie : le voir dispara\u00eetre ! Elle est loin d&rsquo;imaginer que parfois, les souhaits se r\u00e9alisent&#8230;<\/p>\n","protected":false},"featured_media":11592,"comment_status":"open","ping_status":"closed","template":"","meta":{"inline_featured_image":false},"product_cat":[203,204],"product_tag":[],"class_list":{"0":"post-11591","1":"product","2":"type-product","3":"status-publish","4":"has-post-thumbnail","6":"product_cat-adolescente","7":"product_cat-francais","9":"first","10":"instock","11":"shipping-taxable","12":"purchasable","13":"product-type-simple"},"_links":{"self":[{"href":"https:\/\/baralivres.ma\/index.php?rest_route=\/wp\/v2\/product\/11591","targetHints":{"allow":["GET"]}}],"collection":[{"href":"https:\/\/baralivres.ma\/index.php?rest_route=\/wp\/v2\/product"}],"about":[{"href":"https:\/\/baralivres.ma\/index.php?rest_route=\/wp\/v2\/types\/product"}],"replies":[{"embeddable":true,"href":"https:\/\/baralivres.ma\/index.php?rest_route=%2Fwp%2Fv2%2Fcomments&post=11591"}],"version-history":[{"count":1,"href":"https:\/\/baralivres.ma\/index.php?rest_route=\/wp\/v2\/product\/11591\/revisions"}],"predecessor-version":[{"id":11596,"href":"https:\/\/baralivres.ma\/index.php?rest_route=\/wp\/v2\/product\/11591\/revisions\/11596"}],"wp:featuredmedia":[{"embeddable":true,"href":"https:\/\/baralivres.ma\/index.php?rest_route=\/wp\/v2\/media\/11592"}],"wp:attachment":[{"href":"https:\/\/baralivres.ma\/index.php?rest_route=%2Fwp%2Fv2%2Fmedia&parent=11591"}],"wp:term":[{"taxonomy":"product_cat","embeddable":true,"href":"https:\/\/baralivres.ma\/index.php?rest_route=%2Fwp%2Fv2%2Fproduct_cat&post=11591"},{"taxonomy":"product_tag","embeddable":true,"href":"https:\/\/baralivres.ma\/index.php?rest_route=%2Fwp%2Fv2%2Fproduct_tag&post=11591"}],"curies":[{"name":"wp","href":"https:\/\/api.w.org\/{rel}","templated":true}]}}