{"id":11587,"date":"2023-08-31T16:14:46","date_gmt":"2023-08-31T15:14:46","guid":{"rendered":"https:\/\/baralivres.ma\/?post_type=product&#038;p=11587"},"modified":"2024-11-18T14:02:52","modified_gmt":"2024-11-18T13:02:52","slug":"au-secours-je-suis-un-elephant","status":"publish","type":"product","link":"https:\/\/baralivres.ma\/?product=au-secours-je-suis-un-elephant","title":{"rendered":"Au Secours! Je Suis Un Elephant"},"content":{"rendered":"<div class=\"livre-meta\">Zachary n&rsquo;en croit pas ses yeux\u00a0: il se trouve dans la peau&#8230; d&rsquo;un \u00e9l\u00e9phanteau! Le gar\u00e7on a beau crier, personne ne vient \u00e0 son secours. Pour sortir de sa cage, il ne voit qu&rsquo;une solution\u00a0: utiliser l&rsquo;intelligence de l&rsquo;animal et sa propre imagination.<\/div>\n","protected":false},"excerpt":{"rendered":"<div class=\"livre-meta\">Zachary n&rsquo;en croit pas ses yeux\u00a0: il se trouve dans la peau&#8230; d&rsquo;un \u00e9l\u00e9phanteau! Le gar\u00e7on a beau crier, personne ne vient \u00e0 son secours. Pour sortir de sa cage, il ne voit qu&rsquo;une solution\u00a0: utiliser l&rsquo;intelligence de l&rsquo;animal et sa propre imagination.<\/div>\n","protected":false},"featured_media":11588,"comment_status":"open","ping_status":"closed","template":"","meta":{"inline_featured_image":false},"product_cat":[203,204],"product_tag":[],"class_list":{"0":"post-11587","1":"product","2":"type-product","3":"status-publish","4":"has-post-thumbnail","6":"product_cat-adolescente","7":"product_cat-francais","9":"first","10":"instock","11":"shipping-taxable","12":"purchasable","13":"product-type-simple"},"_links":{"self":[{"href":"https:\/\/baralivres.ma\/index.php?rest_route=\/wp\/v2\/product\/11587","targetHints":{"allow":["GET"]}}],"collection":[{"href":"https:\/\/baralivres.ma\/index.php?rest_route=\/wp\/v2\/product"}],"about":[{"href":"https:\/\/baralivres.ma\/index.php?rest_route=\/wp\/v2\/types\/product"}],"replies":[{"embeddable":true,"href":"https:\/\/baralivres.ma\/index.php?rest_route=%2Fwp%2Fv2%2Fcomments&post=11587"}],"version-history":[{"count":1,"href":"https:\/\/baralivres.ma\/index.php?rest_route=\/wp\/v2\/product\/11587\/revisions"}],"predecessor-version":[{"id":11589,"href":"https:\/\/baralivres.ma\/index.php?rest_route=\/wp\/v2\/product\/11587\/revisions\/11589"}],"wp:featuredmedia":[{"embeddable":true,"href":"https:\/\/baralivres.ma\/index.php?rest_route=\/wp\/v2\/media\/11588"}],"wp:attachment":[{"href":"https:\/\/baralivres.ma\/index.php?rest_route=%2Fwp%2Fv2%2Fmedia&parent=11587"}],"wp:term":[{"taxonomy":"product_cat","embeddable":true,"href":"https:\/\/baralivres.ma\/index.php?rest_route=%2Fwp%2Fv2%2Fproduct_cat&post=11587"},{"taxonomy":"product_tag","embeddable":true,"href":"https:\/\/baralivres.ma\/index.php?rest_route=%2Fwp%2Fv2%2Fproduct_tag&post=11587"}],"curies":[{"name":"wp","href":"https:\/\/api.w.org\/{rel}","templated":true}]}}