{"id":11584,"date":"2023-08-31T16:14:54","date_gmt":"2023-08-31T15:14:54","guid":{"rendered":"https:\/\/baralivres.ma\/?post_type=product&#038;p=11584"},"modified":"2024-10-29T13:12:07","modified_gmt":"2024-10-29T12:12:07","slug":"coffret-lettres-magnetiques-des-animaux","status":"publish","type":"product","link":"https:\/\/baralivres.ma\/?product=coffret-lettres-magnetiques-des-animaux","title":{"rendered":"Coffret Lettres magn\u00e9tiques des animaux"},"content":{"rendered":"<p>Lettres magn\u00e9tiques des animaux C\u00e9line Alvarez (r\u00e9assort d&rsquo;images et de lettres) En compl\u00e9ment du coffret \u00a0\u00bb Lettres magn\u00e9tiques \u00a0\u00bb (qui contient toutes les lettres de l&rsquo;alphabet, les principaux digrammes et 10 images en bois aimant\u00e9) ce coffret \u00a0\u00bb Lettres magn\u00e9tiques des animaux \u00a0\u00bb offre un r\u00e9assort de 10 images accompagn\u00e9es des lettres et digrammes n\u00e9cessaires pour composer les noms d&rsquo;animaux propos\u00e9s.<br \/>\nChaque coffret contient le livret \u00a0\u00bb la lecture naturelle \u00a0\u00bb de C\u00e9line Alvarez qui expose les \u00e9tapes-cl\u00e9s pour accompagner l&rsquo;enfant vers une entr\u00e9e naturelle dans la lecture.<\/p>\n","protected":false},"excerpt":{"rendered":"<p>Lettres magn\u00e9tiques des animaux C\u00e9line Alvarez (r\u00e9assort d&rsquo;images et de lettres) En compl\u00e9ment du coffret&#8230;.<\/p>\n","protected":false},"featured_media":11586,"comment_status":"open","ping_status":"closed","template":"","meta":{"inline_featured_image":false},"product_cat":[3875,201,200],"product_tag":[],"class_list":{"0":"post-11584","1":"product","2":"type-product","3":"status-publish","4":"has-post-thumbnail","6":"product_cat-coffret-francais","7":"product_cat-coffret","8":"product_cat-activites","10":"first","11":"instock","12":"shipping-taxable","13":"purchasable","14":"product-type-simple"},"_links":{"self":[{"href":"https:\/\/baralivres.ma\/index.php?rest_route=\/wp\/v2\/product\/11584","targetHints":{"allow":["GET"]}}],"collection":[{"href":"https:\/\/baralivres.ma\/index.php?rest_route=\/wp\/v2\/product"}],"about":[{"href":"https:\/\/baralivres.ma\/index.php?rest_route=\/wp\/v2\/types\/product"}],"replies":[{"embeddable":true,"href":"https:\/\/baralivres.ma\/index.php?rest_route=%2Fwp%2Fv2%2Fcomments&post=11584"}],"version-history":[{"count":1,"href":"https:\/\/baralivres.ma\/index.php?rest_route=\/wp\/v2\/product\/11584\/revisions"}],"predecessor-version":[{"id":11590,"href":"https:\/\/baralivres.ma\/index.php?rest_route=\/wp\/v2\/product\/11584\/revisions\/11590"}],"wp:featuredmedia":[{"embeddable":true,"href":"https:\/\/baralivres.ma\/index.php?rest_route=\/wp\/v2\/media\/11586"}],"wp:attachment":[{"href":"https:\/\/baralivres.ma\/index.php?rest_route=%2Fwp%2Fv2%2Fmedia&parent=11584"}],"wp:term":[{"taxonomy":"product_cat","embeddable":true,"href":"https:\/\/baralivres.ma\/index.php?rest_route=%2Fwp%2Fv2%2Fproduct_cat&post=11584"},{"taxonomy":"product_tag","embeddable":true,"href":"https:\/\/baralivres.ma\/index.php?rest_route=%2Fwp%2Fv2%2Fproduct_tag&post=11584"}],"curies":[{"name":"wp","href":"https:\/\/api.w.org\/{rel}","templated":true}]}}