{"id":11580,"date":"2023-08-31T16:12:14","date_gmt":"2023-08-31T15:12:14","guid":{"rendered":"https:\/\/baralivres.ma\/?post_type=product&#038;p=11580"},"modified":"2024-11-18T14:07:29","modified_gmt":"2024-11-18T13:07:29","slug":"matouille-la-grenouille","status":"publish","type":"product","link":"https:\/\/baralivres.ma\/?product=matouille-la-grenouille","title":{"rendered":"Matouille la grenouille"},"content":{"rendered":"<div class=\"col1\">\n<div id=\"ctl00_ContentPlaceHolder1_upZoomImage\">\n<div class=\"controlPhoto\">\n<div class=\"lnkZoom\">\n<p><span id=\"ctl09_ctl01_mz1Div_ctl00_ctl00_lblResumeValue\" class=\"lblResumeValue\">Matouille la grenouille et ses amis, Moustafon le grillon et Fr\u00e9pillon le papillon, vivent au coeur de la for\u00eat des Bonzamis. Alors que les amis profitent de la chaleur pour se baigner, Matouille d\u00e9couvre qu&rsquo;il a une peur incontr\u00f4lable de l&rsquo;eau. Au cours de cette aventure, d\u00e9couvre comment Matouille, \u00e0 force de pers\u00e9v\u00e9rance, r\u00e9ussit \u00e0 vaincre sa peur et r\u00e9alise son r\u00eave.<\/span><\/p>\n<div class=\"rowSpacer\"><\/div>\n<\/div>\n<\/div>\n<\/div>\n<\/div>\n","protected":false},"excerpt":{"rendered":"<p>Matouille la grenouille et ses amis, Moustafon le grillon et Fr\u00e9pillon le papillon, vivent au coeur de la for\u00eat des Bonzamis. Alors que les amis profitent de la chaleur pour se baigner, Matouille d\u00e9couvre qu&rsquo;il a une peur incontr\u00f4lable de l&rsquo;eau. Au cours de cette aventure, d\u00e9couvre comment Matouille, \u00e0 force de pers\u00e9v\u00e9rance, r\u00e9ussit \u00e0 [&hellip;]<\/p>\n","protected":false},"featured_media":22254,"comment_status":"open","ping_status":"closed","template":"","meta":{"inline_featured_image":false},"product_cat":[203,204],"product_tag":[],"class_list":{"0":"post-11580","1":"product","2":"type-product","3":"status-publish","4":"has-post-thumbnail","6":"product_cat-adolescente","7":"product_cat-francais","9":"first","10":"instock","11":"shipping-taxable","12":"purchasable","13":"product-type-simple"},"_links":{"self":[{"href":"https:\/\/baralivres.ma\/index.php?rest_route=\/wp\/v2\/product\/11580","targetHints":{"allow":["GET"]}}],"collection":[{"href":"https:\/\/baralivres.ma\/index.php?rest_route=\/wp\/v2\/product"}],"about":[{"href":"https:\/\/baralivres.ma\/index.php?rest_route=\/wp\/v2\/types\/product"}],"replies":[{"embeddable":true,"href":"https:\/\/baralivres.ma\/index.php?rest_route=%2Fwp%2Fv2%2Fcomments&post=11580"}],"version-history":[{"count":3,"href":"https:\/\/baralivres.ma\/index.php?rest_route=\/wp\/v2\/product\/11580\/revisions"}],"predecessor-version":[{"id":22255,"href":"https:\/\/baralivres.ma\/index.php?rest_route=\/wp\/v2\/product\/11580\/revisions\/22255"}],"wp:featuredmedia":[{"embeddable":true,"href":"https:\/\/baralivres.ma\/index.php?rest_route=\/wp\/v2\/media\/22254"}],"wp:attachment":[{"href":"https:\/\/baralivres.ma\/index.php?rest_route=%2Fwp%2Fv2%2Fmedia&parent=11580"}],"wp:term":[{"taxonomy":"product_cat","embeddable":true,"href":"https:\/\/baralivres.ma\/index.php?rest_route=%2Fwp%2Fv2%2Fproduct_cat&post=11580"},{"taxonomy":"product_tag","embeddable":true,"href":"https:\/\/baralivres.ma\/index.php?rest_route=%2Fwp%2Fv2%2Fproduct_tag&post=11580"}],"curies":[{"name":"wp","href":"https:\/\/api.w.org\/{rel}","templated":true}]}}