{"id":11574,"date":"2023-08-31T16:08:39","date_gmt":"2023-08-31T15:08:39","guid":{"rendered":"https:\/\/baralivres.ma\/?post_type=product&#038;p=11574"},"modified":"2024-11-18T14:24:29","modified_gmt":"2024-11-18T13:24:29","slug":"perce-oreille-dans-loreille-un","status":"publish","type":"product","link":"https:\/\/baralivres.ma\/?product=perce-oreille-dans-loreille-un","title":{"rendered":"Perce-Oreille Dans L&rsquo;oreille -Un"},"content":{"rendered":"<div class=\"livre-meta\">\u00c9mile est un grand chasseur de dragons imaginaires. Il les pourchasse dans tous les recoins du jardin. Aucune cr\u00e9ature ne lui fait peur lorsqu&rsquo;il enfile son costume de chevalier. Aucune? Il faut l&rsquo;avouer\u00a0: \u00c9mile a en horreur les insectes et autres bestioles h\u00e9riss\u00e9es de pinces et d&rsquo;antennes. Imaginez donc son d\u00e9sarroi lorsque ses aventures l&rsquo;entra\u00eenent dans le monde de la \u00ab\u00a0b\u00e9b\u00eate\u00a0\u00bb la plus repoussante qui soit\u00a0: le perce-oreille! Avez-vous vu les \u00e9normes crochets qui sortent du derri\u00e8re de cette petite b\u00eate? \u00c9mile, lui les contemplera de pr\u00e8s, de beaucoup trop pr\u00e8s \u00e0 son go\u00fbt&#8230; et d\u00e9go\u00fbt!<\/div>\n","protected":false},"excerpt":{"rendered":"<div class=\"livre-meta\">\u00a0\u00c9mile a en horreur les insectes et autres bestioles h\u00e9riss\u00e9es de pinces et d&rsquo;antennes. Imaginez donc son d\u00e9sarroi lorsque ses aventures l&rsquo;entra\u00eenent dans le monde de la \u00ab b\u00e9b\u00eate \u00bb la plus repoussante qui soit : le perce-oreille! Avez-vous vu les \u00e9normes crochets qui sortent du derri\u00e8re de cette petite b\u00eate? \u00c9mile, lui les contemplera de pr\u00e8s, de beaucoup trop pr\u00e8s \u00e0 son go\u00fbt&#8230; et d\u00e9go\u00fbt!<\/div>\n","protected":false},"featured_media":11576,"comment_status":"open","ping_status":"closed","template":"","meta":{"inline_featured_image":false},"product_cat":[203,204],"product_tag":[],"class_list":{"0":"post-11574","1":"product","2":"type-product","3":"status-publish","4":"has-post-thumbnail","6":"product_cat-adolescente","7":"product_cat-francais","9":"first","10":"instock","11":"shipping-taxable","12":"purchasable","13":"product-type-simple"},"_links":{"self":[{"href":"https:\/\/baralivres.ma\/index.php?rest_route=\/wp\/v2\/product\/11574","targetHints":{"allow":["GET"]}}],"collection":[{"href":"https:\/\/baralivres.ma\/index.php?rest_route=\/wp\/v2\/product"}],"about":[{"href":"https:\/\/baralivres.ma\/index.php?rest_route=\/wp\/v2\/types\/product"}],"replies":[{"embeddable":true,"href":"https:\/\/baralivres.ma\/index.php?rest_route=%2Fwp%2Fv2%2Fcomments&post=11574"}],"version-history":[{"count":1,"href":"https:\/\/baralivres.ma\/index.php?rest_route=\/wp\/v2\/product\/11574\/revisions"}],"predecessor-version":[{"id":11577,"href":"https:\/\/baralivres.ma\/index.php?rest_route=\/wp\/v2\/product\/11574\/revisions\/11577"}],"wp:featuredmedia":[{"embeddable":true,"href":"https:\/\/baralivres.ma\/index.php?rest_route=\/wp\/v2\/media\/11576"}],"wp:attachment":[{"href":"https:\/\/baralivres.ma\/index.php?rest_route=%2Fwp%2Fv2%2Fmedia&parent=11574"}],"wp:term":[{"taxonomy":"product_cat","embeddable":true,"href":"https:\/\/baralivres.ma\/index.php?rest_route=%2Fwp%2Fv2%2Fproduct_cat&post=11574"},{"taxonomy":"product_tag","embeddable":true,"href":"https:\/\/baralivres.ma\/index.php?rest_route=%2Fwp%2Fv2%2Fproduct_tag&post=11574"}],"curies":[{"name":"wp","href":"https:\/\/api.w.org\/{rel}","templated":true}]}}