{"id":11573,"date":"2023-08-31T16:09:26","date_gmt":"2023-08-31T15:09:26","guid":{"rendered":"https:\/\/baralivres.ma\/?post_type=product&#038;p=11573"},"modified":"2024-11-06T16:23:09","modified_gmt":"2024-11-06T15:23:09","slug":"le-petit-chaperon-rouge","status":"publish","type":"product","link":"https:\/\/baralivres.ma\/?product=le-petit-chaperon-rouge","title":{"rendered":"Le petit Chaperon rouge"},"content":{"rendered":"<div id=\"resume\" class=\"\n        fp-wide--block\n        fp-wide--block-resume                \"><\/p>\n<div class=\"content\">Un livre pour entrer dans la lecture d\u00e8s la maternelle. Digrammes en vert pour signaler les paires de lettres qui produisent un son. Bulles pour d\u00e9signer qui parle. Onomatop\u00e9es pour un premier niveau de lecture tr\u00e8s simple. D\u00e8s que l&rsquo;enfant connait le son des lettres et des principaux digrammes (OU, AN, ON&#8230;), il peut lire son premier livre ! Lettres muettes en gris pour rep\u00e9rer les lettres qui ne se prononcent pas.<\/p>\n<\/div>\n<\/div>\n","protected":false},"excerpt":{"rendered":"<p>Un livre pour entrer dans la lecture d\u00e8s la maternelle. Digrammes en vert pour signaler les paires de lettres qui produisent un son. Bulles pour d\u00e9signer qui parle.<\/p>\n","protected":false},"featured_media":11575,"comment_status":"open","ping_status":"closed","template":"","meta":{"inline_featured_image":false},"product_cat":[3953],"product_tag":[],"class_list":{"0":"post-11573","1":"product","2":"type-product","3":"status-publish","4":"has-post-thumbnail","6":"product_cat-collection-de-celine-alvarez","8":"first","9":"instock","10":"shipping-taxable","11":"purchasable","12":"product-type-simple"},"_links":{"self":[{"href":"https:\/\/baralivres.ma\/index.php?rest_route=\/wp\/v2\/product\/11573","targetHints":{"allow":["GET"]}}],"collection":[{"href":"https:\/\/baralivres.ma\/index.php?rest_route=\/wp\/v2\/product"}],"about":[{"href":"https:\/\/baralivres.ma\/index.php?rest_route=\/wp\/v2\/types\/product"}],"replies":[{"embeddable":true,"href":"https:\/\/baralivres.ma\/index.php?rest_route=%2Fwp%2Fv2%2Fcomments&post=11573"}],"version-history":[{"count":2,"href":"https:\/\/baralivres.ma\/index.php?rest_route=\/wp\/v2\/product\/11573\/revisions"}],"predecessor-version":[{"id":11579,"href":"https:\/\/baralivres.ma\/index.php?rest_route=\/wp\/v2\/product\/11573\/revisions\/11579"}],"wp:featuredmedia":[{"embeddable":true,"href":"https:\/\/baralivres.ma\/index.php?rest_route=\/wp\/v2\/media\/11575"}],"wp:attachment":[{"href":"https:\/\/baralivres.ma\/index.php?rest_route=%2Fwp%2Fv2%2Fmedia&parent=11573"}],"wp:term":[{"taxonomy":"product_cat","embeddable":true,"href":"https:\/\/baralivres.ma\/index.php?rest_route=%2Fwp%2Fv2%2Fproduct_cat&post=11573"},{"taxonomy":"product_tag","embeddable":true,"href":"https:\/\/baralivres.ma\/index.php?rest_route=%2Fwp%2Fv2%2Fproduct_tag&post=11573"}],"curies":[{"name":"wp","href":"https:\/\/api.w.org\/{rel}","templated":true}]}}