{"id":11558,"date":"2023-08-31T16:01:57","date_gmt":"2023-08-31T15:01:57","guid":{"rendered":"https:\/\/baralivres.ma\/?post_type=product&#038;p=11558"},"modified":"2024-11-18T14:24:56","modified_gmt":"2024-11-18T13:24:56","slug":"rififi-pour-une-sacree-guitare","status":"publish","type":"product","link":"https:\/\/baralivres.ma\/?product=rififi-pour-une-sacree-guitare","title":{"rendered":"Rififi pour une sacr\u00e9e guitare"},"content":{"rendered":"<p>Martigues. Le festival de musique bat son plein. Alors qu&rsquo;Alex et Alioune font signer des autographes par le c\u00e9l\u00e8bre bluesman Sonny Reed, Carmen est enlev\u00e9e par deux gangsters am\u00e9ricains qui veulent s&#8217;emparer de sa guitare mythique. Entre delta du Mississippi et delta du Rh\u00f4ne, sur fond de magie vaudou, nos d\u00e9tectives vont devoir faire preuve de beaucoup d&rsquo;audace pour lib\u00e9rer leur amie. Ils d\u00e9couvriront la l\u00e9gende du blues et y gagneront un nouvel ami.<\/p>\n","protected":false},"excerpt":{"rendered":"<p>Martigues. Le festival de musique bat son plein. Alors qu&rsquo;Alex et Alioune font signer des autographes par le c\u00e9l\u00e8bre bluesman Sonny Reed, Carmen est enlev\u00e9e par deux gangsters am\u00e9ricains qui veulent s&#8217;emparer de sa guitare mythique. Entre delta du Mississippi et delta du Rh\u00f4ne, sur fond de magie vaudou, nos d\u00e9tectives vont devoir faire preuve de beaucoup d&rsquo;audace pour lib\u00e9rer leur amie. Ils d\u00e9couvriront la l\u00e9gende du blues et y gagneront un nouvel ami.<\/p>\n","protected":false},"featured_media":11559,"comment_status":"open","ping_status":"closed","template":"","meta":{"inline_featured_image":false},"product_cat":[203,204],"product_tag":[],"class_list":{"0":"post-11558","1":"product","2":"type-product","3":"status-publish","4":"has-post-thumbnail","6":"product_cat-adolescente","7":"product_cat-francais","9":"first","10":"instock","11":"shipping-taxable","12":"purchasable","13":"product-type-simple"},"_links":{"self":[{"href":"https:\/\/baralivres.ma\/index.php?rest_route=\/wp\/v2\/product\/11558","targetHints":{"allow":["GET"]}}],"collection":[{"href":"https:\/\/baralivres.ma\/index.php?rest_route=\/wp\/v2\/product"}],"about":[{"href":"https:\/\/baralivres.ma\/index.php?rest_route=\/wp\/v2\/types\/product"}],"replies":[{"embeddable":true,"href":"https:\/\/baralivres.ma\/index.php?rest_route=%2Fwp%2Fv2%2Fcomments&post=11558"}],"version-history":[{"count":1,"href":"https:\/\/baralivres.ma\/index.php?rest_route=\/wp\/v2\/product\/11558\/revisions"}],"predecessor-version":[{"id":11560,"href":"https:\/\/baralivres.ma\/index.php?rest_route=\/wp\/v2\/product\/11558\/revisions\/11560"}],"wp:featuredmedia":[{"embeddable":true,"href":"https:\/\/baralivres.ma\/index.php?rest_route=\/wp\/v2\/media\/11559"}],"wp:attachment":[{"href":"https:\/\/baralivres.ma\/index.php?rest_route=%2Fwp%2Fv2%2Fmedia&parent=11558"}],"wp:term":[{"taxonomy":"product_cat","embeddable":true,"href":"https:\/\/baralivres.ma\/index.php?rest_route=%2Fwp%2Fv2%2Fproduct_cat&post=11558"},{"taxonomy":"product_tag","embeddable":true,"href":"https:\/\/baralivres.ma\/index.php?rest_route=%2Fwp%2Fv2%2Fproduct_tag&post=11558"}],"curies":[{"name":"wp","href":"https:\/\/api.w.org\/{rel}","templated":true}]}}