{"id":11542,"date":"2023-08-31T15:55:51","date_gmt":"2023-08-31T14:55:51","guid":{"rendered":"https:\/\/baralivres.ma\/?post_type=product&#038;p=11542"},"modified":"2024-11-18T14:25:39","modified_gmt":"2024-11-18T13:25:39","slug":"la-malediction-de-l%c2%92elephant-blanc","status":"publish","type":"product","link":"https:\/\/baralivres.ma\/?product=la-malediction-de-l%c2%92elephant-blanc","title":{"rendered":"La mal\u00e9diction de l\u0092\u00e9l\u00e9phant blanc"},"content":{"rendered":"<p>Un \u00e9l\u00e9phant blanc qui perd la t\u00eate, une sorci\u00e8re roumaine de sinistre r\u00e9putation, un comte transylvanien au comportement vampirique, mais dans quel d\u00e9lire nos d\u00e9tectives Alex et Alioune vont-ils encore mettre les pieds ? Un voyage dans les Carpates les entra\u00eene dans une nouvelle enqu\u00eate \u00e0 haut risque, avec l&rsquo;aide de Liviu leur nouvel ami, aux fronti\u00e8res frissonnantes de la magie noire et des l\u00e9gendes d&rsquo;Europe centrale.<\/p>\n","protected":false},"excerpt":{"rendered":"<p>Un \u00e9l\u00e9phant blanc qui perd la t\u00eate, une sorci\u00e8re roumaine de sinistre r\u00e9putation, un comte transylvanien au comportement vampirique, mais dans quel d\u00e9lire nos d\u00e9tectives Alex et Alioune vont-ils encore mettre les pieds ? Un voyage dans les Carpates les entra\u00eene dans une nouvelle enqu\u00eate \u00e0 haut risque, avec l&rsquo;aide de Liviu leur nouvel ami, aux fronti\u00e8res frissonnantes de la magie noire et des l\u00e9gendes d&rsquo;Europe centrale.<\/p>\n","protected":false},"featured_media":11544,"comment_status":"open","ping_status":"closed","template":"","meta":{"inline_featured_image":false},"product_cat":[203,204],"product_tag":[],"class_list":{"0":"post-11542","1":"product","2":"type-product","3":"status-publish","4":"has-post-thumbnail","6":"product_cat-adolescente","7":"product_cat-francais","9":"first","10":"instock","11":"shipping-taxable","12":"purchasable","13":"product-type-simple"},"_links":{"self":[{"href":"https:\/\/baralivres.ma\/index.php?rest_route=\/wp\/v2\/product\/11542","targetHints":{"allow":["GET"]}}],"collection":[{"href":"https:\/\/baralivres.ma\/index.php?rest_route=\/wp\/v2\/product"}],"about":[{"href":"https:\/\/baralivres.ma\/index.php?rest_route=\/wp\/v2\/types\/product"}],"replies":[{"embeddable":true,"href":"https:\/\/baralivres.ma\/index.php?rest_route=%2Fwp%2Fv2%2Fcomments&post=11542"}],"version-history":[{"count":1,"href":"https:\/\/baralivres.ma\/index.php?rest_route=\/wp\/v2\/product\/11542\/revisions"}],"predecessor-version":[{"id":11546,"href":"https:\/\/baralivres.ma\/index.php?rest_route=\/wp\/v2\/product\/11542\/revisions\/11546"}],"wp:featuredmedia":[{"embeddable":true,"href":"https:\/\/baralivres.ma\/index.php?rest_route=\/wp\/v2\/media\/11544"}],"wp:attachment":[{"href":"https:\/\/baralivres.ma\/index.php?rest_route=%2Fwp%2Fv2%2Fmedia&parent=11542"}],"wp:term":[{"taxonomy":"product_cat","embeddable":true,"href":"https:\/\/baralivres.ma\/index.php?rest_route=%2Fwp%2Fv2%2Fproduct_cat&post=11542"},{"taxonomy":"product_tag","embeddable":true,"href":"https:\/\/baralivres.ma\/index.php?rest_route=%2Fwp%2Fv2%2Fproduct_tag&post=11542"}],"curies":[{"name":"wp","href":"https:\/\/api.w.org\/{rel}","templated":true}]}}