{"id":11535,"date":"2023-08-31T15:51:42","date_gmt":"2023-08-31T14:51:42","guid":{"rendered":"https:\/\/baralivres.ma\/?post_type=product&#038;p=11535"},"modified":"2024-11-18T14:25:58","modified_gmt":"2024-11-18T13:25:58","slug":"penny-cambriole","status":"publish","type":"product","link":"https:\/\/baralivres.ma\/?product=penny-cambriole","title":{"rendered":"Penny Cambriole"},"content":{"rendered":"<p>Les Veilleurs ont encore \u00e9t\u00e9 enlev\u00e9s ! Mais, cette fois, pas de jardin printanier et de Manoir \u00e0 explorer, non. ils se r\u00e9veillent au coeur d&rsquo;une for\u00eat hant\u00e9e, grise et silencieuse. Dangereuse. Bient\u00f4t, ils d\u00e9couvrent qu&rsquo;ils sont prisonniers d&rsquo;un Attrape-R\u00eaveurs, un sortil\u00e8ge con\u00e7u pour pi\u00e9ger les vivants dans le monde des r\u00eaves &#8211; ou, plut\u00f4t, des cauchemars. Froid intense, m\u00e9ca-loups g\u00e9ants, illusions mortelles : leurs pires terreurs nocturnes deviennent r\u00e9alit\u00e9.<br \/>\nPenny et ses amis doivent \u00e0 tout prix vaincre leurs pires cauchemars pour se r\u00e9veiller dans le monde r\u00e9el, au creux de leurs lits bien chauds. Mais comment ? D&rsquo;autant que le Grand Loup d&rsquo;Hiver est \u00e0 leurs trousses, et ses crocs glac\u00e9s se rapprochent de seconde en seconde. Les Veilleurs ont commenc\u00e9 \u00e0 courir. Mais iront-ils assez vite ?<\/p>\n","protected":false},"excerpt":{"rendered":"<p>Les Veilleurs ont encore \u00e9t\u00e9 enlev\u00e9s ! Mais, cette fois, pas de jardin printanier et de Manoir \u00e0 explorer, non. ils se r\u00e9veillent au coeur d&rsquo;une for\u00eat hant\u00e9e, grise et silencieuse. Dangereuse. Bient\u00f4t, ils d\u00e9couvrent qu&rsquo;ils sont prisonniers d&rsquo;un Attrape-R\u00eaveurs<\/p>\n","protected":false},"featured_media":11536,"comment_status":"open","ping_status":"closed","template":"","meta":{"inline_featured_image":false},"product_cat":[203,204],"product_tag":[],"class_list":{"0":"post-11535","1":"product","2":"type-product","3":"status-publish","4":"has-post-thumbnail","6":"product_cat-adolescente","7":"product_cat-francais","9":"first","10":"instock","11":"shipping-taxable","12":"purchasable","13":"product-type-simple"},"_links":{"self":[{"href":"https:\/\/baralivres.ma\/index.php?rest_route=\/wp\/v2\/product\/11535","targetHints":{"allow":["GET"]}}],"collection":[{"href":"https:\/\/baralivres.ma\/index.php?rest_route=\/wp\/v2\/product"}],"about":[{"href":"https:\/\/baralivres.ma\/index.php?rest_route=\/wp\/v2\/types\/product"}],"replies":[{"embeddable":true,"href":"https:\/\/baralivres.ma\/index.php?rest_route=%2Fwp%2Fv2%2Fcomments&post=11535"}],"version-history":[{"count":1,"href":"https:\/\/baralivres.ma\/index.php?rest_route=\/wp\/v2\/product\/11535\/revisions"}],"predecessor-version":[{"id":11537,"href":"https:\/\/baralivres.ma\/index.php?rest_route=\/wp\/v2\/product\/11535\/revisions\/11537"}],"wp:featuredmedia":[{"embeddable":true,"href":"https:\/\/baralivres.ma\/index.php?rest_route=\/wp\/v2\/media\/11536"}],"wp:attachment":[{"href":"https:\/\/baralivres.ma\/index.php?rest_route=%2Fwp%2Fv2%2Fmedia&parent=11535"}],"wp:term":[{"taxonomy":"product_cat","embeddable":true,"href":"https:\/\/baralivres.ma\/index.php?rest_route=%2Fwp%2Fv2%2Fproduct_cat&post=11535"},{"taxonomy":"product_tag","embeddable":true,"href":"https:\/\/baralivres.ma\/index.php?rest_route=%2Fwp%2Fv2%2Fproduct_tag&post=11535"}],"curies":[{"name":"wp","href":"https:\/\/api.w.org\/{rel}","templated":true}]}}