{"id":11529,"date":"2023-08-31T15:50:11","date_gmt":"2023-08-31T14:50:11","guid":{"rendered":"https:\/\/baralivres.ma\/?post_type=product&#038;p=11529"},"modified":"2024-11-18T14:26:15","modified_gmt":"2024-11-18T13:26:15","slug":"bidouilles-et-glorioles-les-malices-de-jojo-tufourien","status":"publish","type":"product","link":"https:\/\/baralivres.ma\/?product=bidouilles-et-glorioles-les-malices-de-jojo-tufourien","title":{"rendered":"Bidouilles et glorioles &#8211; Les malices de Jojo Tufourien"},"content":{"rendered":"<p>Jojo Tufourien est de retour pour semer la panique \u00e0 Genville. Mais toujours \u00e0 son profit bien s\u00fbr ! Pourtant, tout n&rsquo;est pas rose pour notre escroc. Le roi de la manigance a fait des disciples&#8230; qui veulent sa peau ! A tout seigneur, tout honneur. Ce deuxi\u00e8me roman irr\u00e9v\u00e9rencieux fait encore du lecteur le complice d&rsquo;un dr\u00f4le de malfaiteur. Ce roi de l&rsquo;illusion va-t-il enfin trouver l&rsquo;id\u00e9al de tout bon citoyen : c\u00e9l\u00e9brit\u00e9, richesse et respectabilit\u00e9 ?<\/p>\n","protected":false},"excerpt":{"rendered":"<p>Jojo Tufourien est de retour pour semer la panique \u00e0 Genville. Mais toujours \u00e0 son profit bien s\u00fbr ! Pourtant, tout n&rsquo;est pas rose pour notre escroc. Le roi de la manigance a fait des disciples&#8230; qui veulent sa peau ! A tout seigneur, tout honneur. Ce deuxi\u00e8me roman irr\u00e9v\u00e9rencieux fait encore du lecteur le complice d&rsquo;un dr\u00f4le de malfaiteur. Ce roi de l&rsquo;illusion va-t-il enfin trouver l&rsquo;id\u00e9al de tout bon citoyen : c\u00e9l\u00e9brit\u00e9, richesse et respectabilit\u00e9 ?<\/p>\n","protected":false},"featured_media":11531,"comment_status":"open","ping_status":"closed","template":"","meta":{"inline_featured_image":false},"product_cat":[203,204],"product_tag":[],"class_list":{"0":"post-11529","1":"product","2":"type-product","3":"status-publish","4":"has-post-thumbnail","6":"product_cat-adolescente","7":"product_cat-francais","9":"first","10":"instock","11":"shipping-taxable","12":"purchasable","13":"product-type-simple"},"_links":{"self":[{"href":"https:\/\/baralivres.ma\/index.php?rest_route=\/wp\/v2\/product\/11529","targetHints":{"allow":["GET"]}}],"collection":[{"href":"https:\/\/baralivres.ma\/index.php?rest_route=\/wp\/v2\/product"}],"about":[{"href":"https:\/\/baralivres.ma\/index.php?rest_route=\/wp\/v2\/types\/product"}],"replies":[{"embeddable":true,"href":"https:\/\/baralivres.ma\/index.php?rest_route=%2Fwp%2Fv2%2Fcomments&post=11529"}],"version-history":[{"count":1,"href":"https:\/\/baralivres.ma\/index.php?rest_route=\/wp\/v2\/product\/11529\/revisions"}],"predecessor-version":[{"id":11533,"href":"https:\/\/baralivres.ma\/index.php?rest_route=\/wp\/v2\/product\/11529\/revisions\/11533"}],"wp:featuredmedia":[{"embeddable":true,"href":"https:\/\/baralivres.ma\/index.php?rest_route=\/wp\/v2\/media\/11531"}],"wp:attachment":[{"href":"https:\/\/baralivres.ma\/index.php?rest_route=%2Fwp%2Fv2%2Fmedia&parent=11529"}],"wp:term":[{"taxonomy":"product_cat","embeddable":true,"href":"https:\/\/baralivres.ma\/index.php?rest_route=%2Fwp%2Fv2%2Fproduct_cat&post=11529"},{"taxonomy":"product_tag","embeddable":true,"href":"https:\/\/baralivres.ma\/index.php?rest_route=%2Fwp%2Fv2%2Fproduct_tag&post=11529"}],"curies":[{"name":"wp","href":"https:\/\/api.w.org\/{rel}","templated":true}]}}