{"id":11525,"date":"2023-08-31T15:48:34","date_gmt":"2023-08-31T14:48:34","guid":{"rendered":"https:\/\/baralivres.ma\/?post_type=product&#038;p=11525"},"modified":"2024-11-18T14:26:29","modified_gmt":"2024-11-18T13:26:29","slug":"embrouilles-quenouilles","status":"publish","type":"product","link":"https:\/\/baralivres.ma\/?product=embrouilles-quenouilles","title":{"rendered":"Embrouilles &amp; quenouilles"},"content":{"rendered":"<p>Entre bagne et estomac creux, Jojo Tufourien orchestre des escroqueries qui visent \u00e0 enrichir ses comp\u00e8res. Ce roman irr\u00e9v\u00e9rencieux fait du lecteur le complice d&rsquo;un joyeux malfaiteur dont les victimes sont tout sauf sympathiques. Mensonges, d\u00e9guisements et malices sont les atouts de ce roi de l&rsquo;illusion qui finalement ne recherche que l&rsquo;id\u00e9al de tout bon citoyen : c\u00e9l\u00e9brit\u00e9, richesse et respectabilit\u00e9.<\/p>\n","protected":false},"excerpt":{"rendered":"<p>Entre bagne et estomac creux, Jojo Tufourien orchestre des escroqueries qui visent \u00e0 enrichir ses comp\u00e8res. Ce roman irr\u00e9v\u00e9rencieux fait du lecteur le complice d&rsquo;un joyeux malfaiteur dont les victimes sont tout sauf sympathiques. Mensonges, d\u00e9guisements et malices sont les atouts de ce roi de l&rsquo;illusion qui finalement ne recherche que l&rsquo;id\u00e9al de tout bon citoyen : c\u00e9l\u00e9brit\u00e9, richesse et respectabilit\u00e9.<\/p>\n","protected":false},"featured_media":11526,"comment_status":"open","ping_status":"closed","template":"","meta":{"inline_featured_image":false},"product_cat":[203,204],"product_tag":[],"class_list":{"0":"post-11525","1":"product","2":"type-product","3":"status-publish","4":"has-post-thumbnail","6":"product_cat-adolescente","7":"product_cat-francais","9":"first","10":"instock","11":"shipping-taxable","12":"purchasable","13":"product-type-simple"},"_links":{"self":[{"href":"https:\/\/baralivres.ma\/index.php?rest_route=\/wp\/v2\/product\/11525","targetHints":{"allow":["GET"]}}],"collection":[{"href":"https:\/\/baralivres.ma\/index.php?rest_route=\/wp\/v2\/product"}],"about":[{"href":"https:\/\/baralivres.ma\/index.php?rest_route=\/wp\/v2\/types\/product"}],"replies":[{"embeddable":true,"href":"https:\/\/baralivres.ma\/index.php?rest_route=%2Fwp%2Fv2%2Fcomments&post=11525"}],"version-history":[{"count":1,"href":"https:\/\/baralivres.ma\/index.php?rest_route=\/wp\/v2\/product\/11525\/revisions"}],"predecessor-version":[{"id":11528,"href":"https:\/\/baralivres.ma\/index.php?rest_route=\/wp\/v2\/product\/11525\/revisions\/11528"}],"wp:featuredmedia":[{"embeddable":true,"href":"https:\/\/baralivres.ma\/index.php?rest_route=\/wp\/v2\/media\/11526"}],"wp:attachment":[{"href":"https:\/\/baralivres.ma\/index.php?rest_route=%2Fwp%2Fv2%2Fmedia&parent=11525"}],"wp:term":[{"taxonomy":"product_cat","embeddable":true,"href":"https:\/\/baralivres.ma\/index.php?rest_route=%2Fwp%2Fv2%2Fproduct_cat&post=11525"},{"taxonomy":"product_tag","embeddable":true,"href":"https:\/\/baralivres.ma\/index.php?rest_route=%2Fwp%2Fv2%2Fproduct_tag&post=11525"}],"curies":[{"name":"wp","href":"https:\/\/api.w.org\/{rel}","templated":true}]}}