{"id":11517,"date":"2023-08-31T15:46:38","date_gmt":"2023-08-31T14:46:38","guid":{"rendered":"https:\/\/baralivres.ma\/?post_type=product&#038;p=11517"},"modified":"2024-11-18T14:26:45","modified_gmt":"2024-11-18T13:26:45","slug":"cris-de-sang","status":"publish","type":"product","link":"https:\/\/baralivres.ma\/?product=cris-de-sang","title":{"rendered":"Cris de sang"},"content":{"rendered":"<p>Miriam ne parvient pas \u00e0 d\u00e9tacher son regard de la place d\u00e9serte \u00e0 sa gauche. Depuis le d\u00e9but de l&rsquo;ann\u00e9e, \u00e0 tous les jours de classe, ce pupitre et cette chaise sont occup\u00e9s par \u00c8ve. Moi, je sais ce qu&rsquo;il lui est arriv\u00e9, chuchote Lily, assise derri\u00e8re Miriam. Qu&rsquo;as-tu dit? Je sais ce qui est arriv\u00e9 \u00e0 \u00c8ve. Le croque-mitaine l&rsquo;a enlev\u00e9e la nuit derni\u00e8re&#8230; C&rsquo;est impossible, pense Miriam. Apr\u00e8s tout, les monstres n&rsquo;existent pas. N&rsquo;est-ce pas?<\/p>\n","protected":false},"excerpt":{"rendered":"<p>Miriam ne parvient pas \u00e0 d\u00e9tacher son regard de la place d\u00e9serte \u00e0 sa gauche. Depuis le d\u00e9but de l&rsquo;ann\u00e9e, \u00e0 tous les jours de classe, ce pupitre et cette chaise sont occup\u00e9s par \u00c8ve. Moi, je sais ce qu&rsquo;il lui est arriv\u00e9, chuchote Lily, assise derri\u00e8re Miriam. Qu&rsquo;as-tu dit? Je sais ce qui est arriv\u00e9 \u00e0 \u00c8ve. Le croque-mitaine l&rsquo;a enlev\u00e9e la nuit derni\u00e8re&#8230; C&rsquo;est impossible, pense Miriam. Apr\u00e8s tout, les monstres n&rsquo;existent pas. N&rsquo;est-ce pas?<\/p>\n","protected":false},"featured_media":11519,"comment_status":"open","ping_status":"closed","template":"","meta":{"inline_featured_image":false},"product_cat":[203,204],"product_tag":[],"class_list":{"0":"post-11517","1":"product","2":"type-product","3":"status-publish","4":"has-post-thumbnail","6":"product_cat-adolescente","7":"product_cat-francais","9":"first","10":"instock","11":"shipping-taxable","12":"purchasable","13":"product-type-simple"},"_links":{"self":[{"href":"https:\/\/baralivres.ma\/index.php?rest_route=\/wp\/v2\/product\/11517","targetHints":{"allow":["GET"]}}],"collection":[{"href":"https:\/\/baralivres.ma\/index.php?rest_route=\/wp\/v2\/product"}],"about":[{"href":"https:\/\/baralivres.ma\/index.php?rest_route=\/wp\/v2\/types\/product"}],"replies":[{"embeddable":true,"href":"https:\/\/baralivres.ma\/index.php?rest_route=%2Fwp%2Fv2%2Fcomments&post=11517"}],"version-history":[{"count":1,"href":"https:\/\/baralivres.ma\/index.php?rest_route=\/wp\/v2\/product\/11517\/revisions"}],"predecessor-version":[{"id":11524,"href":"https:\/\/baralivres.ma\/index.php?rest_route=\/wp\/v2\/product\/11517\/revisions\/11524"}],"wp:featuredmedia":[{"embeddable":true,"href":"https:\/\/baralivres.ma\/index.php?rest_route=\/wp\/v2\/media\/11519"}],"wp:attachment":[{"href":"https:\/\/baralivres.ma\/index.php?rest_route=%2Fwp%2Fv2%2Fmedia&parent=11517"}],"wp:term":[{"taxonomy":"product_cat","embeddable":true,"href":"https:\/\/baralivres.ma\/index.php?rest_route=%2Fwp%2Fv2%2Fproduct_cat&post=11517"},{"taxonomy":"product_tag","embeddable":true,"href":"https:\/\/baralivres.ma\/index.php?rest_route=%2Fwp%2Fv2%2Fproduct_tag&post=11517"}],"curies":[{"name":"wp","href":"https:\/\/api.w.org\/{rel}","templated":true}]}}