{"id":11513,"date":"2023-08-31T15:43:31","date_gmt":"2023-08-31T14:43:31","guid":{"rendered":"https:\/\/baralivres.ma\/?post_type=product&#038;p=11513"},"modified":"2024-11-18T14:27:30","modified_gmt":"2024-11-18T13:27:30","slug":"la-zone-tome-7","status":"publish","type":"product","link":"https:\/\/baralivres.ma\/?product=la-zone-tome-7","title":{"rendered":"La zone Tome 7"},"content":{"rendered":"<p>Si deux des maldors ont enfin \u00e9t\u00e9 neutralis\u00e9s, il en reste trois, les plus coriaces. Mais Edwin Robi et ses amis sont d\u00e9termin\u00e9s \u00e0 mettre un terme \u00e0 leurs m\u00e9faits. Ils disposent de nouveaux outils fort efficaces et leur connaissance de plus en plus approfondie des lois qui gouvernent la mati\u00e8re dans la Zone leur permettent de d\u00e9ployer tous leurs talents pour mettre au point des armes in\u00e9dites. Ainsi \u00e9quip\u00e9s, ils iront de d\u00e9couverte en surprise.<br \/>\nLes myst\u00e8res sur lesquels ils parviendront \u00e0 lever le voile \u00e9branleront les convictions les mieux enracin\u00e9es chez les Oneiros eux-m\u00eames. De plus, Edwin fera la connaissance d&rsquo;une famille onirique dont il \u00e9tait loin de soup\u00e7onner l&rsquo;existence, alors que son ami Balthazar r\u00e9alisera que l&rsquo;\u00e2me soeur est l\u00e0, tout pr\u00e8s de lui, dans le pays des r\u00eaves.<\/p>\n","protected":false},"excerpt":{"rendered":"<p>Si deux des maldors ont enfin \u00e9t\u00e9 neutralis\u00e9s, il en reste trois, les plus coriaces. Mais Edwin Robi et ses amis sont d\u00e9termin\u00e9s \u00e0 mettre un terme \u00e0 leurs m\u00e9faits. Ils disposent de nouveaux outils fort efficaces et leur connaissance de plus en plus approfondie des lois qui gouvernent la mati\u00e8re dans la Zone leur [&hellip;]<\/p>\n","protected":false},"featured_media":11514,"comment_status":"open","ping_status":"closed","template":"","meta":{"inline_featured_image":false},"product_cat":[203,204],"product_tag":[],"class_list":{"0":"post-11513","1":"product","2":"type-product","3":"status-publish","4":"has-post-thumbnail","6":"product_cat-adolescente","7":"product_cat-francais","9":"first","10":"instock","11":"shipping-taxable","12":"purchasable","13":"product-type-simple"},"_links":{"self":[{"href":"https:\/\/baralivres.ma\/index.php?rest_route=\/wp\/v2\/product\/11513","targetHints":{"allow":["GET"]}}],"collection":[{"href":"https:\/\/baralivres.ma\/index.php?rest_route=\/wp\/v2\/product"}],"about":[{"href":"https:\/\/baralivres.ma\/index.php?rest_route=\/wp\/v2\/types\/product"}],"replies":[{"embeddable":true,"href":"https:\/\/baralivres.ma\/index.php?rest_route=%2Fwp%2Fv2%2Fcomments&post=11513"}],"version-history":[{"count":1,"href":"https:\/\/baralivres.ma\/index.php?rest_route=\/wp\/v2\/product\/11513\/revisions"}],"predecessor-version":[{"id":11516,"href":"https:\/\/baralivres.ma\/index.php?rest_route=\/wp\/v2\/product\/11513\/revisions\/11516"}],"wp:featuredmedia":[{"embeddable":true,"href":"https:\/\/baralivres.ma\/index.php?rest_route=\/wp\/v2\/media\/11514"}],"wp:attachment":[{"href":"https:\/\/baralivres.ma\/index.php?rest_route=%2Fwp%2Fv2%2Fmedia&parent=11513"}],"wp:term":[{"taxonomy":"product_cat","embeddable":true,"href":"https:\/\/baralivres.ma\/index.php?rest_route=%2Fwp%2Fv2%2Fproduct_cat&post=11513"},{"taxonomy":"product_tag","embeddable":true,"href":"https:\/\/baralivres.ma\/index.php?rest_route=%2Fwp%2Fv2%2Fproduct_tag&post=11513"}],"curies":[{"name":"wp","href":"https:\/\/api.w.org\/{rel}","templated":true}]}}