{"id":11507,"date":"2023-08-31T15:38:00","date_gmt":"2023-08-31T14:38:00","guid":{"rendered":"https:\/\/baralivres.ma\/?post_type=product&#038;p=11507"},"modified":"2023-08-31T15:38:01","modified_gmt":"2023-08-31T14:38:01","slug":"zozo-zombie-tome-2","status":"publish","type":"product","link":"https:\/\/baralivres.ma\/?product=zozo-zombie-tome-2","title":{"rendered":"Zozo Zombie Tome 2"},"content":{"rendered":"<p>Editeur d&rsquo;origine : Shogakukan Zozo le zombie est un enfant zombie. Il n&rsquo;est pas obs\u00e9d\u00e9 par d\u00e9vorer le cerveau des humains, non, ce qui l&rsquo;int\u00e9resse avant tout, c&rsquo;est d&rsquo;avoir une vie comme tous les autres enfants, d&rsquo;aller \u00e0 l&rsquo;\u00e9cole et de jouer avec ses amis.<\/p>\n","protected":false},"excerpt":{"rendered":"<p>Editeur d&rsquo;origine : Shogakukan Zozo le zombie est un enfant zombie. Il n&rsquo;est pas obs\u00e9d\u00e9 par d\u00e9vorer le cerveau des humains, non, ce qui l&rsquo;int\u00e9resse avant tout, c&rsquo;est d&rsquo;avoir une vie comme tous les autres enfants, d&rsquo;aller \u00e0 l&rsquo;\u00e9cole et de jouer avec ses amis.<\/p>\n","protected":false},"featured_media":11508,"comment_status":"open","ping_status":"closed","template":"","meta":{"inline_featured_image":false},"product_cat":[203,204,205],"product_tag":[],"class_list":{"0":"post-11507","1":"product","2":"type-product","3":"status-publish","4":"has-post-thumbnail","6":"product_cat-adolescente","7":"product_cat-francais","8":"product_cat-enfant-adolescente-francais","10":"first","11":"instock","12":"shipping-taxable","13":"purchasable","14":"product-type-simple"},"_links":{"self":[{"href":"https:\/\/baralivres.ma\/index.php?rest_route=\/wp\/v2\/product\/11507","targetHints":{"allow":["GET"]}}],"collection":[{"href":"https:\/\/baralivres.ma\/index.php?rest_route=\/wp\/v2\/product"}],"about":[{"href":"https:\/\/baralivres.ma\/index.php?rest_route=\/wp\/v2\/types\/product"}],"replies":[{"embeddable":true,"href":"https:\/\/baralivres.ma\/index.php?rest_route=%2Fwp%2Fv2%2Fcomments&post=11507"}],"version-history":[{"count":1,"href":"https:\/\/baralivres.ma\/index.php?rest_route=\/wp\/v2\/product\/11507\/revisions"}],"predecessor-version":[{"id":11509,"href":"https:\/\/baralivres.ma\/index.php?rest_route=\/wp\/v2\/product\/11507\/revisions\/11509"}],"wp:featuredmedia":[{"embeddable":true,"href":"https:\/\/baralivres.ma\/index.php?rest_route=\/wp\/v2\/media\/11508"}],"wp:attachment":[{"href":"https:\/\/baralivres.ma\/index.php?rest_route=%2Fwp%2Fv2%2Fmedia&parent=11507"}],"wp:term":[{"taxonomy":"product_cat","embeddable":true,"href":"https:\/\/baralivres.ma\/index.php?rest_route=%2Fwp%2Fv2%2Fproduct_cat&post=11507"},{"taxonomy":"product_tag","embeddable":true,"href":"https:\/\/baralivres.ma\/index.php?rest_route=%2Fwp%2Fv2%2Fproduct_tag&post=11507"}],"curies":[{"name":"wp","href":"https:\/\/api.w.org\/{rel}","templated":true}]}}