{"id":11479,"date":"2023-08-31T15:21:19","date_gmt":"2023-08-31T14:21:19","guid":{"rendered":"https:\/\/baralivres.ma\/?post_type=product&#038;p=11479"},"modified":"2023-08-31T15:21:19","modified_gmt":"2023-08-31T14:21:19","slug":"zozo-zombie-tome-8","status":"publish","type":"product","link":"https:\/\/baralivres.ma\/?product=zozo-zombie-tome-8","title":{"rendered":"Zozo Zombie Tome 8"},"content":{"rendered":"<p>Au menu de ce volume : un innocent avion en papier poursuit Zozo pour tenter de le transpercer, une bo\u00eete aux lettres zombie propose \u00e0 Zozo et Isamu de voyager \u00e0 dos de lettre, un \u00e9trange bonhomme d\u00e9fie Zozo de participer \u00e0 un jeu \u00e9trange comme seuls les Japonais en ont le secret et un vilain virus de la grippe s&rsquo;ent\u00eate \u00e0 rendre malade un zombie \u00e9videmment peu sensible car d\u00e9j\u00e0 mort. Mais tout s&rsquo;arrange toujours pour celui qui peut changer ses organes \u00e0 volont\u00e9.<\/p>\n","protected":false},"excerpt":{"rendered":"<p>un \u00e9trange bonhomme d\u00e9fie Zozo de participer \u00e0 un jeu \u00e9trange comme seuls les Japonais en ont le secret et un vilain virus de la grippe s&rsquo;ent\u00eate \u00e0 rendre malade un zombie \u00e9videmment peu sensible car d\u00e9j\u00e0 mort. Mais tout s&rsquo;arrange toujours pour celui qui peut changer ses organes \u00e0 volont\u00e9.<\/p>\n","protected":false},"featured_media":11481,"comment_status":"open","ping_status":"closed","template":"","meta":{"inline_featured_image":false},"product_cat":[203,204,205],"product_tag":[],"class_list":{"0":"post-11479","1":"product","2":"type-product","3":"status-publish","4":"has-post-thumbnail","6":"product_cat-adolescente","7":"product_cat-francais","8":"product_cat-enfant-adolescente-francais","10":"first","11":"instock","12":"shipping-taxable","13":"purchasable","14":"product-type-simple"},"_links":{"self":[{"href":"https:\/\/baralivres.ma\/index.php?rest_route=\/wp\/v2\/product\/11479","targetHints":{"allow":["GET"]}}],"collection":[{"href":"https:\/\/baralivres.ma\/index.php?rest_route=\/wp\/v2\/product"}],"about":[{"href":"https:\/\/baralivres.ma\/index.php?rest_route=\/wp\/v2\/types\/product"}],"replies":[{"embeddable":true,"href":"https:\/\/baralivres.ma\/index.php?rest_route=%2Fwp%2Fv2%2Fcomments&post=11479"}],"version-history":[{"count":1,"href":"https:\/\/baralivres.ma\/index.php?rest_route=\/wp\/v2\/product\/11479\/revisions"}],"predecessor-version":[{"id":11482,"href":"https:\/\/baralivres.ma\/index.php?rest_route=\/wp\/v2\/product\/11479\/revisions\/11482"}],"wp:featuredmedia":[{"embeddable":true,"href":"https:\/\/baralivres.ma\/index.php?rest_route=\/wp\/v2\/media\/11481"}],"wp:attachment":[{"href":"https:\/\/baralivres.ma\/index.php?rest_route=%2Fwp%2Fv2%2Fmedia&parent=11479"}],"wp:term":[{"taxonomy":"product_cat","embeddable":true,"href":"https:\/\/baralivres.ma\/index.php?rest_route=%2Fwp%2Fv2%2Fproduct_cat&post=11479"},{"taxonomy":"product_tag","embeddable":true,"href":"https:\/\/baralivres.ma\/index.php?rest_route=%2Fwp%2Fv2%2Fproduct_tag&post=11479"}],"curies":[{"name":"wp","href":"https:\/\/api.w.org\/{rel}","templated":true}]}}