{"id":11472,"date":"2023-08-31T15:14:37","date_gmt":"2023-08-31T14:14:37","guid":{"rendered":"https:\/\/baralivres.ma\/?post_type=product&#038;p=11472"},"modified":"2024-11-18T15:08:55","modified_gmt":"2024-11-18T14:08:55","slug":"les-plus-belles-histoires-du-soir-pour-les-petits","status":"publish","type":"product","link":"https:\/\/baralivres.ma\/?product=les-plus-belles-histoires-du-soir-pour-les-petits","title":{"rendered":"Les plus belles histoires du soir pour les petits"},"content":{"rendered":"<p>Des histoires tendres et amusantes, pour r\u00eaver, pour s&rsquo;endormir&#8230; \u00e0 lire le soir avec les petits ! Apr\u00e8s chaque histoire, un petit rituel plein d&rsquo;humour et de tendresse, pour chasser les petits soucis quotidiens.<\/p>\n","protected":false},"excerpt":{"rendered":"<p>Des histoires tendres et amusantes, pour r\u00eaver, pour s&rsquo;endormir&#8230; \u00e0 lire le soir avec les petits ! Apr\u00e8s chaque histoire, un petit rituel plein d&rsquo;humour et de tendresse, pour chasser les petits soucis quotidiens.<\/p>\n","protected":false},"featured_media":11473,"comment_status":"open","ping_status":"closed","template":"","meta":{"inline_featured_image":false},"product_cat":[3877,199],"product_tag":[],"class_list":{"0":"post-11472","1":"product","2":"type-product","3":"status-publish","4":"has-post-thumbnail","6":"product_cat-les-histoires-francais","7":"product_cat-histoires","9":"first","10":"instock","11":"shipping-taxable","12":"purchasable","13":"product-type-simple"},"_links":{"self":[{"href":"https:\/\/baralivres.ma\/index.php?rest_route=\/wp\/v2\/product\/11472","targetHints":{"allow":["GET"]}}],"collection":[{"href":"https:\/\/baralivres.ma\/index.php?rest_route=\/wp\/v2\/product"}],"about":[{"href":"https:\/\/baralivres.ma\/index.php?rest_route=\/wp\/v2\/types\/product"}],"replies":[{"embeddable":true,"href":"https:\/\/baralivres.ma\/index.php?rest_route=%2Fwp%2Fv2%2Fcomments&post=11472"}],"version-history":[{"count":1,"href":"https:\/\/baralivres.ma\/index.php?rest_route=\/wp\/v2\/product\/11472\/revisions"}],"predecessor-version":[{"id":11475,"href":"https:\/\/baralivres.ma\/index.php?rest_route=\/wp\/v2\/product\/11472\/revisions\/11475"}],"wp:featuredmedia":[{"embeddable":true,"href":"https:\/\/baralivres.ma\/index.php?rest_route=\/wp\/v2\/media\/11473"}],"wp:attachment":[{"href":"https:\/\/baralivres.ma\/index.php?rest_route=%2Fwp%2Fv2%2Fmedia&parent=11472"}],"wp:term":[{"taxonomy":"product_cat","embeddable":true,"href":"https:\/\/baralivres.ma\/index.php?rest_route=%2Fwp%2Fv2%2Fproduct_cat&post=11472"},{"taxonomy":"product_tag","embeddable":true,"href":"https:\/\/baralivres.ma\/index.php?rest_route=%2Fwp%2Fv2%2Fproduct_tag&post=11472"}],"curies":[{"name":"wp","href":"https:\/\/api.w.org\/{rel}","templated":true}]}}