{"id":11471,"date":"2023-08-31T15:17:57","date_gmt":"2023-08-31T14:17:57","guid":{"rendered":"https:\/\/baralivres.ma\/?post_type=product&#038;p=11471"},"modified":"2023-08-31T15:17:57","modified_gmt":"2023-08-31T14:17:57","slug":"vigilante-my-hero-academia-illegals-tome-8-pluie-et-nuage","status":"publish","type":"product","link":"https:\/\/baralivres.ma\/?product=vigilante-my-hero-academia-illegals-tome-8-pluie-et-nuage","title":{"rendered":"Vigilante &#8211; my hero Academia illegals Tome 8 : pluie et nuage"},"content":{"rendered":"<p>Les h\u00e9ros de l&rsquo;ombre \u00e0 la rescousse !<\/p>\n<p>Alors que Captain Celebrity s&rsquo;appr\u00eate \u00e0 repartir aux \u00c9tats-Unis, Makoto lui organise un grand gala d&rsquo;adieu au sommet du gigantesque Sky Egg ! De nombreux h\u00e9ros y sont convi\u00e9s, ainsi que toute l&rsquo;\u00e9quipe de la Naruf\u00eate.<\/p>\n","protected":false},"excerpt":{"rendered":"<p>Les h\u00e9ros de l&rsquo;ombre \u00e0 la rescousse ! Alors que Captain Celebrity s&rsquo;appr\u00eate \u00e0 repartir aux \u00c9tats-Unis, Makoto lui organise un grand gala d&rsquo;adieu au sommet du gigantesque Sky Egg ! De nombreux h\u00e9ros y sont convi\u00e9s, ainsi que toute l&rsquo;\u00e9quipe de la Naruf\u00eate.<\/p>\n","protected":false},"featured_media":11474,"comment_status":"open","ping_status":"closed","template":"","meta":{"inline_featured_image":false},"product_cat":[203,204,205],"product_tag":[],"class_list":{"0":"post-11471","1":"product","2":"type-product","3":"status-publish","4":"has-post-thumbnail","6":"product_cat-adolescente","7":"product_cat-francais","8":"product_cat-enfant-adolescente-francais","10":"first","11":"instock","12":"shipping-taxable","13":"purchasable","14":"product-type-simple"},"_links":{"self":[{"href":"https:\/\/baralivres.ma\/index.php?rest_route=\/wp\/v2\/product\/11471","targetHints":{"allow":["GET"]}}],"collection":[{"href":"https:\/\/baralivres.ma\/index.php?rest_route=\/wp\/v2\/product"}],"about":[{"href":"https:\/\/baralivres.ma\/index.php?rest_route=\/wp\/v2\/types\/product"}],"replies":[{"embeddable":true,"href":"https:\/\/baralivres.ma\/index.php?rest_route=%2Fwp%2Fv2%2Fcomments&post=11471"}],"version-history":[{"count":1,"href":"https:\/\/baralivres.ma\/index.php?rest_route=\/wp\/v2\/product\/11471\/revisions"}],"predecessor-version":[{"id":11478,"href":"https:\/\/baralivres.ma\/index.php?rest_route=\/wp\/v2\/product\/11471\/revisions\/11478"}],"wp:featuredmedia":[{"embeddable":true,"href":"https:\/\/baralivres.ma\/index.php?rest_route=\/wp\/v2\/media\/11474"}],"wp:attachment":[{"href":"https:\/\/baralivres.ma\/index.php?rest_route=%2Fwp%2Fv2%2Fmedia&parent=11471"}],"wp:term":[{"taxonomy":"product_cat","embeddable":true,"href":"https:\/\/baralivres.ma\/index.php?rest_route=%2Fwp%2Fv2%2Fproduct_cat&post=11471"},{"taxonomy":"product_tag","embeddable":true,"href":"https:\/\/baralivres.ma\/index.php?rest_route=%2Fwp%2Fv2%2Fproduct_tag&post=11471"}],"curies":[{"name":"wp","href":"https:\/\/api.w.org\/{rel}","templated":true}]}}