{"id":11468,"date":"2023-08-31T14:44:24","date_gmt":"2023-08-31T13:44:24","guid":{"rendered":"https:\/\/baralivres.ma\/?post_type=product&#038;p=11468"},"modified":"2024-11-04T17:04:11","modified_gmt":"2024-11-04T16:04:11","slug":"les-aventures-de-tintin-tome-23","status":"publish","type":"product","link":"https:\/\/baralivres.ma\/?product=les-aventures-de-tintin-tome-23","title":{"rendered":"Les Aventures de Tintin Tome 23"},"content":{"rendered":"<p>Nous retrouvons ici Tintin au San Theodoros, pays de L&rsquo;oreille cass\u00e9e. La Castafiore, les Dupondt, Tournesol et Haddock ayant \u00e9t\u00e9 arr\u00eat\u00e9s par le G\u00e9n\u00e9ral Tapioca, Tintin vole \u00e0 leur secours. R\u00e9ussissant \u00e0 fuir avec Tournesol et Haddock, il aidera \u00e9galement Alcazar dans sa r\u00e9volution.<\/p>\n","protected":false},"excerpt":{"rendered":"<p>Nous retrouvons ici Tintin au San Theodoros, pays de L&rsquo;oreille cass\u00e9e.<\/p>\n","protected":false},"featured_media":11469,"comment_status":"open","ping_status":"closed","template":"","meta":{"inline_featured_image":false},"product_cat":[3936,206],"product_tag":[],"class_list":{"0":"post-11468","1":"product","2":"type-product","3":"status-publish","4":"has-post-thumbnail","6":"product_cat-tintin","7":"product_cat-enfant-adolescente-francais-enfant-adolescente","9":"first","10":"instock","11":"shipping-taxable","12":"purchasable","13":"product-type-simple"},"_links":{"self":[{"href":"https:\/\/baralivres.ma\/index.php?rest_route=\/wp\/v2\/product\/11468","targetHints":{"allow":["GET"]}}],"collection":[{"href":"https:\/\/baralivres.ma\/index.php?rest_route=\/wp\/v2\/product"}],"about":[{"href":"https:\/\/baralivres.ma\/index.php?rest_route=\/wp\/v2\/types\/product"}],"replies":[{"embeddable":true,"href":"https:\/\/baralivres.ma\/index.php?rest_route=%2Fwp%2Fv2%2Fcomments&post=11468"}],"version-history":[{"count":1,"href":"https:\/\/baralivres.ma\/index.php?rest_route=\/wp\/v2\/product\/11468\/revisions"}],"predecessor-version":[{"id":11470,"href":"https:\/\/baralivres.ma\/index.php?rest_route=\/wp\/v2\/product\/11468\/revisions\/11470"}],"wp:featuredmedia":[{"embeddable":true,"href":"https:\/\/baralivres.ma\/index.php?rest_route=\/wp\/v2\/media\/11469"}],"wp:attachment":[{"href":"https:\/\/baralivres.ma\/index.php?rest_route=%2Fwp%2Fv2%2Fmedia&parent=11468"}],"wp:term":[{"taxonomy":"product_cat","embeddable":true,"href":"https:\/\/baralivres.ma\/index.php?rest_route=%2Fwp%2Fv2%2Fproduct_cat&post=11468"},{"taxonomy":"product_tag","embeddable":true,"href":"https:\/\/baralivres.ma\/index.php?rest_route=%2Fwp%2Fv2%2Fproduct_tag&post=11468"}],"curies":[{"name":"wp","href":"https:\/\/api.w.org\/{rel}","templated":true}]}}