{"id":11465,"date":"2023-08-31T14:42:14","date_gmt":"2023-08-31T13:42:14","guid":{"rendered":"https:\/\/baralivres.ma\/?post_type=product&#038;p=11465"},"modified":"2024-11-04T17:01:26","modified_gmt":"2024-11-04T16:01:26","slug":"les-aventures-de-tintin-tome-22","status":"publish","type":"product","link":"https:\/\/baralivres.ma\/?product=les-aventures-de-tintin-tome-22","title":{"rendered":"Les Aventures de Tintin Tome 22"},"content":{"rendered":"<p>Dans cette nouvelle aventure, nous retrouvons Tintin, Haddock et Tournesol dans un avion d\u00e9tourn\u00e9 par Rastapopoulos et son complice Allan vers une \u00eele indon\u00e9sienne. R\u00e9ussissant \u00e0 s&rsquo;enfuir, ils trouveront refuge dans un temple, qui est en fait un endroit visit\u00e9 par les extraterrestres depuis des mill\u00e9naires !<\/p>\n","protected":false},"excerpt":{"rendered":"<p>Dans cette nouvelle aventure, nous retrouvons Tintin, Haddock et Tournesol dans un avion d\u00e9tourn\u00e9 par Rastapopoulos et son complice Allan vers une \u00eele indon\u00e9sienne.<\/p>\n","protected":false},"featured_media":11466,"comment_status":"open","ping_status":"closed","template":"","meta":{"inline_featured_image":false},"product_cat":[3936,206],"product_tag":[],"class_list":{"0":"post-11465","1":"product","2":"type-product","3":"status-publish","4":"has-post-thumbnail","6":"product_cat-tintin","7":"product_cat-enfant-adolescente-francais-enfant-adolescente","9":"first","10":"instock","11":"shipping-taxable","12":"purchasable","13":"product-type-simple"},"_links":{"self":[{"href":"https:\/\/baralivres.ma\/index.php?rest_route=\/wp\/v2\/product\/11465","targetHints":{"allow":["GET"]}}],"collection":[{"href":"https:\/\/baralivres.ma\/index.php?rest_route=\/wp\/v2\/product"}],"about":[{"href":"https:\/\/baralivres.ma\/index.php?rest_route=\/wp\/v2\/types\/product"}],"replies":[{"embeddable":true,"href":"https:\/\/baralivres.ma\/index.php?rest_route=%2Fwp%2Fv2%2Fcomments&post=11465"}],"version-history":[{"count":1,"href":"https:\/\/baralivres.ma\/index.php?rest_route=\/wp\/v2\/product\/11465\/revisions"}],"predecessor-version":[{"id":11467,"href":"https:\/\/baralivres.ma\/index.php?rest_route=\/wp\/v2\/product\/11465\/revisions\/11467"}],"wp:featuredmedia":[{"embeddable":true,"href":"https:\/\/baralivres.ma\/index.php?rest_route=\/wp\/v2\/media\/11466"}],"wp:attachment":[{"href":"https:\/\/baralivres.ma\/index.php?rest_route=%2Fwp%2Fv2%2Fmedia&parent=11465"}],"wp:term":[{"taxonomy":"product_cat","embeddable":true,"href":"https:\/\/baralivres.ma\/index.php?rest_route=%2Fwp%2Fv2%2Fproduct_cat&post=11465"},{"taxonomy":"product_tag","embeddable":true,"href":"https:\/\/baralivres.ma\/index.php?rest_route=%2Fwp%2Fv2%2Fproduct_tag&post=11465"}],"curies":[{"name":"wp","href":"https:\/\/api.w.org\/{rel}","templated":true}]}}