{"id":11458,"date":"2023-08-31T13:32:09","date_gmt":"2023-08-31T12:32:09","guid":{"rendered":"https:\/\/baralivres.ma\/?post_type=product&#038;p=11458"},"modified":"2024-11-04T17:01:54","modified_gmt":"2024-11-04T16:01:54","slug":"les-aventures-de-tintin-tome-21","status":"publish","type":"product","link":"https:\/\/baralivres.ma\/?product=les-aventures-de-tintin-tome-21","title":{"rendered":"Les Aventures de Tintin Tome 21"},"content":{"rendered":"<p>Dans Les Bijoux de la Castafiore (1963), les principaux protagonistes de la s\u00e9rie se retrouvent \u00e0 Moulinsart pour y vivre une v\u00e9ritable com\u00e9die classique \u00e0 huis clos. Tournant r\u00e9solument le dos \u00e0 l&rsquo;aventure pour s&rsquo;attacher \u00e0 la difficult\u00e9 de la communication entre les \u00eatres, un \u00ab\u00a0anti-r\u00e9cit\u00a0\u00bb truff\u00e9 de malentendus et de quiproquos plus cocasses les uns que les autres. On y retrouve avec plaisir Bianca Castafiore accompagn\u00e9e de sa cam\u00e9riste Irma et de son pianiste Igor Wagner.<\/p>\n","protected":false},"excerpt":{"rendered":"<p>Dans Les Bijoux de la Castafiore (1963), les principaux protagonistes de la s\u00e9rie se retrouvent \u00e0 Moulinsart pour y vivre une v\u00e9ritable com\u00e9die classique \u00e0 huis clos.<\/p>\n","protected":false},"featured_media":11460,"comment_status":"open","ping_status":"closed","template":"","meta":{"inline_featured_image":false},"product_cat":[3936,206],"product_tag":[],"class_list":{"0":"post-11458","1":"product","2":"type-product","3":"status-publish","4":"has-post-thumbnail","6":"product_cat-tintin","7":"product_cat-enfant-adolescente-francais-enfant-adolescente","9":"first","10":"instock","11":"shipping-taxable","12":"purchasable","13":"product-type-simple"},"_links":{"self":[{"href":"https:\/\/baralivres.ma\/index.php?rest_route=\/wp\/v2\/product\/11458","targetHints":{"allow":["GET"]}}],"collection":[{"href":"https:\/\/baralivres.ma\/index.php?rest_route=\/wp\/v2\/product"}],"about":[{"href":"https:\/\/baralivres.ma\/index.php?rest_route=\/wp\/v2\/types\/product"}],"replies":[{"embeddable":true,"href":"https:\/\/baralivres.ma\/index.php?rest_route=%2Fwp%2Fv2%2Fcomments&post=11458"}],"version-history":[{"count":1,"href":"https:\/\/baralivres.ma\/index.php?rest_route=\/wp\/v2\/product\/11458\/revisions"}],"predecessor-version":[{"id":11461,"href":"https:\/\/baralivres.ma\/index.php?rest_route=\/wp\/v2\/product\/11458\/revisions\/11461"}],"wp:featuredmedia":[{"embeddable":true,"href":"https:\/\/baralivres.ma\/index.php?rest_route=\/wp\/v2\/media\/11460"}],"wp:attachment":[{"href":"https:\/\/baralivres.ma\/index.php?rest_route=%2Fwp%2Fv2%2Fmedia&parent=11458"}],"wp:term":[{"taxonomy":"product_cat","embeddable":true,"href":"https:\/\/baralivres.ma\/index.php?rest_route=%2Fwp%2Fv2%2Fproduct_cat&post=11458"},{"taxonomy":"product_tag","embeddable":true,"href":"https:\/\/baralivres.ma\/index.php?rest_route=%2Fwp%2Fv2%2Fproduct_tag&post=11458"}],"curies":[{"name":"wp","href":"https:\/\/api.w.org\/{rel}","templated":true}]}}