{"id":11449,"date":"2023-08-31T12:54:43","date_gmt":"2023-08-31T11:54:43","guid":{"rendered":"https:\/\/baralivres.ma\/?post_type=product&#038;p=11449"},"modified":"2024-11-04T17:02:42","modified_gmt":"2024-11-04T16:02:42","slug":"les-aventures-de-tintin-tome-19","status":"publish","type":"product","link":"https:\/\/baralivres.ma\/?product=les-aventures-de-tintin-tome-19","title":{"rendered":"Les Aventures de Tintin Tome 19"},"content":{"rendered":"<p>Dans l&rsquo;album Coke en stock (1958), le lecteur apprend que le trafic d&rsquo;esclaves existe encore. Au terme d&rsquo;un p\u00e9riple au large des Emirats arabes et \u00e0 l&rsquo;issue d&rsquo;un impressionnant combat naval, Tintin parviendra \u00e0 d\u00e9manteler l&rsquo;odieux commerce clandestin organis\u00e9 par le sinistre Rastatopoulos.<\/p>\n","protected":false},"excerpt":{"rendered":"<p>Dans l&rsquo;album Coke en stock (1958), le lecteur apprend que le trafic d&rsquo;esclaves existe encore.<\/p>\n","protected":false},"featured_media":11451,"comment_status":"open","ping_status":"closed","template":"","meta":{"inline_featured_image":false},"product_cat":[3936,206],"product_tag":[],"class_list":{"0":"post-11449","1":"product","2":"type-product","3":"status-publish","4":"has-post-thumbnail","6":"product_cat-tintin","7":"product_cat-enfant-adolescente-francais-enfant-adolescente","9":"first","10":"instock","11":"shipping-taxable","12":"purchasable","13":"product-type-simple"},"_links":{"self":[{"href":"https:\/\/baralivres.ma\/index.php?rest_route=\/wp\/v2\/product\/11449","targetHints":{"allow":["GET"]}}],"collection":[{"href":"https:\/\/baralivres.ma\/index.php?rest_route=\/wp\/v2\/product"}],"about":[{"href":"https:\/\/baralivres.ma\/index.php?rest_route=\/wp\/v2\/types\/product"}],"replies":[{"embeddable":true,"href":"https:\/\/baralivres.ma\/index.php?rest_route=%2Fwp%2Fv2%2Fcomments&post=11449"}],"version-history":[{"count":1,"href":"https:\/\/baralivres.ma\/index.php?rest_route=\/wp\/v2\/product\/11449\/revisions"}],"predecessor-version":[{"id":11452,"href":"https:\/\/baralivres.ma\/index.php?rest_route=\/wp\/v2\/product\/11449\/revisions\/11452"}],"wp:featuredmedia":[{"embeddable":true,"href":"https:\/\/baralivres.ma\/index.php?rest_route=\/wp\/v2\/media\/11451"}],"wp:attachment":[{"href":"https:\/\/baralivres.ma\/index.php?rest_route=%2Fwp%2Fv2%2Fmedia&parent=11449"}],"wp:term":[{"taxonomy":"product_cat","embeddable":true,"href":"https:\/\/baralivres.ma\/index.php?rest_route=%2Fwp%2Fv2%2Fproduct_cat&post=11449"},{"taxonomy":"product_tag","embeddable":true,"href":"https:\/\/baralivres.ma\/index.php?rest_route=%2Fwp%2Fv2%2Fproduct_tag&post=11449"}],"curies":[{"name":"wp","href":"https:\/\/api.w.org\/{rel}","templated":true}]}}