{"id":11442,"date":"2023-08-31T12:25:16","date_gmt":"2023-08-31T11:25:16","guid":{"rendered":"https:\/\/baralivres.ma\/?post_type=product&#038;p=11442"},"modified":"2024-11-04T17:03:18","modified_gmt":"2024-11-04T16:03:18","slug":"les-aventures-de-tintin-tome-2","status":"publish","type":"product","link":"https:\/\/baralivres.ma\/?product=les-aventures-de-tintin-tome-2","title":{"rendered":"Les Aventures de Tintin Tome 2"},"content":{"rendered":"<p>A peine rentr\u00e9 d&rsquo;URSS, Tintin repart pour le Congo. Sorcier du royaume des Babaoro&rsquo;m, en lutte contre une bande de gangsters \u00e0 la solde d&rsquo;Al Capone, le plus c\u00e9l\u00e8bre de nos reporters sortira bien s\u00fbr triomphant de toutes ces aventures. Pour notre plus grand plaisir \u00e0 tous.<\/p>\n","protected":false},"excerpt":{"rendered":"<p>A peine rentr\u00e9 d&rsquo;URSS, Tintin repart pour le Congo.<\/p>\n","protected":false},"featured_media":11443,"comment_status":"open","ping_status":"closed","template":"","meta":{"inline_featured_image":false},"product_cat":[3936,206],"product_tag":[],"class_list":{"0":"post-11442","1":"product","2":"type-product","3":"status-publish","4":"has-post-thumbnail","6":"product_cat-tintin","7":"product_cat-enfant-adolescente-francais-enfant-adolescente","9":"first","10":"instock","11":"shipping-taxable","12":"purchasable","13":"product-type-simple"},"_links":{"self":[{"href":"https:\/\/baralivres.ma\/index.php?rest_route=\/wp\/v2\/product\/11442","targetHints":{"allow":["GET"]}}],"collection":[{"href":"https:\/\/baralivres.ma\/index.php?rest_route=\/wp\/v2\/product"}],"about":[{"href":"https:\/\/baralivres.ma\/index.php?rest_route=\/wp\/v2\/types\/product"}],"replies":[{"embeddable":true,"href":"https:\/\/baralivres.ma\/index.php?rest_route=%2Fwp%2Fv2%2Fcomments&post=11442"}],"version-history":[{"count":1,"href":"https:\/\/baralivres.ma\/index.php?rest_route=\/wp\/v2\/product\/11442\/revisions"}],"predecessor-version":[{"id":11444,"href":"https:\/\/baralivres.ma\/index.php?rest_route=\/wp\/v2\/product\/11442\/revisions\/11444"}],"wp:featuredmedia":[{"embeddable":true,"href":"https:\/\/baralivres.ma\/index.php?rest_route=\/wp\/v2\/media\/11443"}],"wp:attachment":[{"href":"https:\/\/baralivres.ma\/index.php?rest_route=%2Fwp%2Fv2%2Fmedia&parent=11442"}],"wp:term":[{"taxonomy":"product_cat","embeddable":true,"href":"https:\/\/baralivres.ma\/index.php?rest_route=%2Fwp%2Fv2%2Fproduct_cat&post=11442"},{"taxonomy":"product_tag","embeddable":true,"href":"https:\/\/baralivres.ma\/index.php?rest_route=%2Fwp%2Fv2%2Fproduct_tag&post=11442"}],"curies":[{"name":"wp","href":"https:\/\/api.w.org\/{rel}","templated":true}]}}