{"id":11439,"date":"2023-08-31T12:16:43","date_gmt":"2023-08-31T11:16:43","guid":{"rendered":"https:\/\/baralivres.ma\/?post_type=product&#038;p=11439"},"modified":"2024-11-04T17:04:53","modified_gmt":"2024-11-04T16:04:53","slug":"les-aventures-de-tintin-tome-3","status":"publish","type":"product","link":"https:\/\/baralivres.ma\/?product=les-aventures-de-tintin-tome-3","title":{"rendered":"Les Aventures de Tintin Tome 3"},"content":{"rendered":"<p>Dans Tintin en Am\u00e9rique (1932), le h\u00e9ros confirme sa vocation de redresseur de torts, en s&rsquo;opposant au mafioso Al Capone, aux gangsters de Chicago et aux fripouilles de tout accabit. D\u00e9j\u00e0 Herg\u00e9 t\u00e9moigne d&rsquo;une vision g\u00e9n\u00e9reuse du monde, stigmatisant par exemple l&rsquo;attitude dominatrice des blancs envers les indiens peaux-rouges.<\/p>\n","protected":false},"excerpt":{"rendered":"<p>Dans Tintin en Am\u00e9rique (1932), le h\u00e9ros confirme sa vocation de redresseur de torts, en s&rsquo;opposant au mafioso Al Capone, aux gangsters de Chicago et aux fripouilles de tout accabit.<\/p>\n","protected":false},"featured_media":11440,"comment_status":"open","ping_status":"closed","template":"","meta":{"inline_featured_image":false},"product_cat":[3936,206],"product_tag":[],"class_list":{"0":"post-11439","1":"product","2":"type-product","3":"status-publish","4":"has-post-thumbnail","6":"product_cat-tintin","7":"product_cat-enfant-adolescente-francais-enfant-adolescente","9":"first","10":"instock","11":"shipping-taxable","12":"purchasable","13":"product-type-simple"},"_links":{"self":[{"href":"https:\/\/baralivres.ma\/index.php?rest_route=\/wp\/v2\/product\/11439","targetHints":{"allow":["GET"]}}],"collection":[{"href":"https:\/\/baralivres.ma\/index.php?rest_route=\/wp\/v2\/product"}],"about":[{"href":"https:\/\/baralivres.ma\/index.php?rest_route=\/wp\/v2\/types\/product"}],"replies":[{"embeddable":true,"href":"https:\/\/baralivres.ma\/index.php?rest_route=%2Fwp%2Fv2%2Fcomments&post=11439"}],"version-history":[{"count":1,"href":"https:\/\/baralivres.ma\/index.php?rest_route=\/wp\/v2\/product\/11439\/revisions"}],"predecessor-version":[{"id":11441,"href":"https:\/\/baralivres.ma\/index.php?rest_route=\/wp\/v2\/product\/11439\/revisions\/11441"}],"wp:featuredmedia":[{"embeddable":true,"href":"https:\/\/baralivres.ma\/index.php?rest_route=\/wp\/v2\/media\/11440"}],"wp:attachment":[{"href":"https:\/\/baralivres.ma\/index.php?rest_route=%2Fwp%2Fv2%2Fmedia&parent=11439"}],"wp:term":[{"taxonomy":"product_cat","embeddable":true,"href":"https:\/\/baralivres.ma\/index.php?rest_route=%2Fwp%2Fv2%2Fproduct_cat&post=11439"},{"taxonomy":"product_tag","embeddable":true,"href":"https:\/\/baralivres.ma\/index.php?rest_route=%2Fwp%2Fv2%2Fproduct_tag&post=11439"}],"curies":[{"name":"wp","href":"https:\/\/api.w.org\/{rel}","templated":true}]}}