{"id":11436,"date":"2023-08-31T12:13:21","date_gmt":"2023-08-31T11:13:21","guid":{"rendered":"https:\/\/baralivres.ma\/?post_type=product&#038;p=11436"},"modified":"2024-11-04T17:05:09","modified_gmt":"2024-11-04T16:05:09","slug":"les-aventures-de-tintin-tome-4","status":"publish","type":"product","link":"https:\/\/baralivres.ma\/?product=les-aventures-de-tintin-tome-4","title":{"rendered":"Les Aventures de Tintin Tome 4"},"content":{"rendered":"<p>Dans Les cigares du pharaon (1934), Tintin se trouve impliqu\u00e9, par hasard et malgr\u00e9 lui, dans un trafic de stup\u00e9fiants qui va l&rsquo;entra\u00eener jusqu&rsquo;en Inde. Entre-temps, il aura rencontr\u00e9 Dupond et Dupont, deux policiers balourds dont les r\u00f4les vont s&rsquo;affirmer progressivement.<\/p>\n","protected":false},"excerpt":{"rendered":"<p>Dans Les cigares du pharaon (1934), Tintin se trouve impliqu\u00e9, par hasard et malgr\u00e9 lui, dans un trafic de stup\u00e9fiants qui va l&rsquo;entra\u00eener jusqu&rsquo;en Inde.<\/p>\n","protected":false},"featured_media":11437,"comment_status":"open","ping_status":"closed","template":"","meta":{"inline_featured_image":false},"product_cat":[3936,206],"product_tag":[],"class_list":{"0":"post-11436","1":"product","2":"type-product","3":"status-publish","4":"has-post-thumbnail","6":"product_cat-tintin","7":"product_cat-enfant-adolescente-francais-enfant-adolescente","9":"first","10":"instock","11":"shipping-taxable","12":"purchasable","13":"product-type-simple"},"_links":{"self":[{"href":"https:\/\/baralivres.ma\/index.php?rest_route=\/wp\/v2\/product\/11436","targetHints":{"allow":["GET"]}}],"collection":[{"href":"https:\/\/baralivres.ma\/index.php?rest_route=\/wp\/v2\/product"}],"about":[{"href":"https:\/\/baralivres.ma\/index.php?rest_route=\/wp\/v2\/types\/product"}],"replies":[{"embeddable":true,"href":"https:\/\/baralivres.ma\/index.php?rest_route=%2Fwp%2Fv2%2Fcomments&post=11436"}],"version-history":[{"count":1,"href":"https:\/\/baralivres.ma\/index.php?rest_route=\/wp\/v2\/product\/11436\/revisions"}],"predecessor-version":[{"id":11438,"href":"https:\/\/baralivres.ma\/index.php?rest_route=\/wp\/v2\/product\/11436\/revisions\/11438"}],"wp:featuredmedia":[{"embeddable":true,"href":"https:\/\/baralivres.ma\/index.php?rest_route=\/wp\/v2\/media\/11437"}],"wp:attachment":[{"href":"https:\/\/baralivres.ma\/index.php?rest_route=%2Fwp%2Fv2%2Fmedia&parent=11436"}],"wp:term":[{"taxonomy":"product_cat","embeddable":true,"href":"https:\/\/baralivres.ma\/index.php?rest_route=%2Fwp%2Fv2%2Fproduct_cat&post=11436"},{"taxonomy":"product_tag","embeddable":true,"href":"https:\/\/baralivres.ma\/index.php?rest_route=%2Fwp%2Fv2%2Fproduct_tag&post=11436"}],"curies":[{"name":"wp","href":"https:\/\/api.w.org\/{rel}","templated":true}]}}