{"id":11430,"date":"2023-08-31T12:10:28","date_gmt":"2023-08-31T11:10:28","guid":{"rendered":"https:\/\/baralivres.ma\/?post_type=product&#038;p=11430"},"modified":"2024-11-04T17:05:27","modified_gmt":"2024-11-04T16:05:27","slug":"les-aventures-de-tintin-tome-5","status":"publish","type":"product","link":"https:\/\/baralivres.ma\/?product=les-aventures-de-tintin-tome-5","title":{"rendered":"Les Aventures de Tintin Tome 5"},"content":{"rendered":"<p>Poursuivant jusqu&rsquo;en Chine les trafiquants rencontr\u00e9s dans Les Cigares du pharaon, Tintin fera dans Le Lotus Bleu (1936) la connaissance de Tchang, un jeune chinois qui lui fera perdre ses derniers pr\u00e9jug\u00e9s. En Rastapopoulos, il se d\u00e9couvrira par contre un redoutable ennemi qu&rsquo;il retrouvera d&rsquo;ailleurs \u00e0 plusieurs reprises.<\/p>\n","protected":false},"excerpt":{"rendered":"<p>Poursuivant jusqu&rsquo;en Chine les trafiquants rencontr\u00e9s dans Les Cigares du pharaon, Tintin fera dans Le Lotus Bleu (1936) la connaissance de Tchang, un jeune chinois qui lui fera perdre ses derniers pr\u00e9jug\u00e9s.<\/p>\n","protected":false},"featured_media":11431,"comment_status":"open","ping_status":"closed","template":"","meta":{"inline_featured_image":false},"product_cat":[3936,206],"product_tag":[],"class_list":{"0":"post-11430","1":"product","2":"type-product","3":"status-publish","4":"has-post-thumbnail","6":"product_cat-tintin","7":"product_cat-enfant-adolescente-francais-enfant-adolescente","9":"first","10":"instock","11":"shipping-taxable","12":"purchasable","13":"product-type-simple"},"_links":{"self":[{"href":"https:\/\/baralivres.ma\/index.php?rest_route=\/wp\/v2\/product\/11430","targetHints":{"allow":["GET"]}}],"collection":[{"href":"https:\/\/baralivres.ma\/index.php?rest_route=\/wp\/v2\/product"}],"about":[{"href":"https:\/\/baralivres.ma\/index.php?rest_route=\/wp\/v2\/types\/product"}],"replies":[{"embeddable":true,"href":"https:\/\/baralivres.ma\/index.php?rest_route=%2Fwp%2Fv2%2Fcomments&post=11430"}],"version-history":[{"count":1,"href":"https:\/\/baralivres.ma\/index.php?rest_route=\/wp\/v2\/product\/11430\/revisions"}],"predecessor-version":[{"id":11432,"href":"https:\/\/baralivres.ma\/index.php?rest_route=\/wp\/v2\/product\/11430\/revisions\/11432"}],"wp:featuredmedia":[{"embeddable":true,"href":"https:\/\/baralivres.ma\/index.php?rest_route=\/wp\/v2\/media\/11431"}],"wp:attachment":[{"href":"https:\/\/baralivres.ma\/index.php?rest_route=%2Fwp%2Fv2%2Fmedia&parent=11430"}],"wp:term":[{"taxonomy":"product_cat","embeddable":true,"href":"https:\/\/baralivres.ma\/index.php?rest_route=%2Fwp%2Fv2%2Fproduct_cat&post=11430"},{"taxonomy":"product_tag","embeddable":true,"href":"https:\/\/baralivres.ma\/index.php?rest_route=%2Fwp%2Fv2%2Fproduct_tag&post=11430"}],"curies":[{"name":"wp","href":"https:\/\/api.w.org\/{rel}","templated":true}]}}