{"id":11426,"date":"2023-08-31T12:07:50","date_gmt":"2023-08-31T11:07:50","guid":{"rendered":"https:\/\/baralivres.ma\/?post_type=product&#038;p=11426"},"modified":"2024-11-04T17:05:39","modified_gmt":"2024-11-04T16:05:39","slug":"les-aventures-de-tintin-tome-6","status":"publish","type":"product","link":"https:\/\/baralivres.ma\/?product=les-aventures-de-tintin-tome-6","title":{"rendered":"Les Aventures de Tintin Tome 6"},"content":{"rendered":"<p>L&rsquo;oreille cass\u00e9e (1937) est une course poursuite palpitante. Afin de r\u00e9cup\u00e9rer un f\u00e9tiche vol\u00e9, Tintin s&#8217;embarque pour l&rsquo;Am\u00e9rique du Sud o\u00f9 s&rsquo;opposent toutes sortes d&rsquo;int\u00e9r\u00eats : militaires, \u00e9conomiques, financiers. La guerre d\u00e9crite dans l&rsquo;album, entre le San Theodoros et le Nuevo Rico, est en fait la transposition de la guerre du Gran Chaco qui venait d&rsquo;opposer, trois ans durant, la Bolivie et le Paraguay.<\/p>\n","protected":false},"excerpt":{"rendered":"<p>L&rsquo;oreille cass\u00e9e (1937) est une course poursuite palpitante.<\/p>\n","protected":false},"featured_media":11427,"comment_status":"open","ping_status":"closed","template":"","meta":{"inline_featured_image":false},"product_cat":[3936,206],"product_tag":[],"class_list":{"0":"post-11426","1":"product","2":"type-product","3":"status-publish","4":"has-post-thumbnail","6":"product_cat-tintin","7":"product_cat-enfant-adolescente-francais-enfant-adolescente","9":"first","10":"instock","11":"shipping-taxable","12":"purchasable","13":"product-type-simple"},"_links":{"self":[{"href":"https:\/\/baralivres.ma\/index.php?rest_route=\/wp\/v2\/product\/11426","targetHints":{"allow":["GET"]}}],"collection":[{"href":"https:\/\/baralivres.ma\/index.php?rest_route=\/wp\/v2\/product"}],"about":[{"href":"https:\/\/baralivres.ma\/index.php?rest_route=\/wp\/v2\/types\/product"}],"replies":[{"embeddable":true,"href":"https:\/\/baralivres.ma\/index.php?rest_route=%2Fwp%2Fv2%2Fcomments&post=11426"}],"version-history":[{"count":1,"href":"https:\/\/baralivres.ma\/index.php?rest_route=\/wp\/v2\/product\/11426\/revisions"}],"predecessor-version":[{"id":11428,"href":"https:\/\/baralivres.ma\/index.php?rest_route=\/wp\/v2\/product\/11426\/revisions\/11428"}],"wp:featuredmedia":[{"embeddable":true,"href":"https:\/\/baralivres.ma\/index.php?rest_route=\/wp\/v2\/media\/11427"}],"wp:attachment":[{"href":"https:\/\/baralivres.ma\/index.php?rest_route=%2Fwp%2Fv2%2Fmedia&parent=11426"}],"wp:term":[{"taxonomy":"product_cat","embeddable":true,"href":"https:\/\/baralivres.ma\/index.php?rest_route=%2Fwp%2Fv2%2Fproduct_cat&post=11426"},{"taxonomy":"product_tag","embeddable":true,"href":"https:\/\/baralivres.ma\/index.php?rest_route=%2Fwp%2Fv2%2Fproduct_tag&post=11426"}],"curies":[{"name":"wp","href":"https:\/\/api.w.org\/{rel}","templated":true}]}}