{"id":11422,"date":"2023-08-31T12:05:12","date_gmt":"2023-08-31T11:05:12","guid":{"rendered":"https:\/\/baralivres.ma\/?post_type=product&#038;p=11422"},"modified":"2024-11-04T17:05:53","modified_gmt":"2024-11-04T16:05:53","slug":"les-aventures-de-tintin-tome-7","status":"publish","type":"product","link":"https:\/\/baralivres.ma\/?product=les-aventures-de-tintin-tome-7","title":{"rendered":"Les Aventures de Tintin Tome 7"},"content":{"rendered":"<p>Tintin file en Ecosse o\u00f9 un gorille hante un manoir isol\u00e9 sur une \u00eele rocheuse. En voulant aider un avion en difficult\u00e9, Tintin se fait tirer dessus. C&rsquo;est le d\u00e9but d&rsquo;une des plus palpitantes aventures du c\u00e9l\u00e8bre reporter. Poursuivant ses assaillants, nous le retrouvons sur une \u00eele rocheuse \u00e9cossaise, r\u00e9put\u00e9e comme \u00e9tant le rep\u00e8re d&rsquo;une \u00ab\u00a0b\u00eate\u00a0\u00bb myst\u00e9rieuse, mais abritant en fait une bande de faux-monnayeurs.<br \/>\nApr\u00e8s diverses p\u00e9rip\u00e9ties, Tintin mettra bien \u00e9videmment fin \u00e0 ces activit\u00e9s illicites et r\u00e9v\u00e9lera au grand jour la v\u00e9ritable nature de la b\u00eate.<\/p>\n","protected":false},"excerpt":{"rendered":"<p>Tintin file en Ecosse o\u00f9 un gorille hante un manoir isol\u00e9 sur une \u00eele rocheuse.<\/p>\n","protected":false},"featured_media":11423,"comment_status":"open","ping_status":"closed","template":"","meta":{"inline_featured_image":false},"product_cat":[3936,206],"product_tag":[],"class_list":{"0":"post-11422","1":"product","2":"type-product","3":"status-publish","4":"has-post-thumbnail","6":"product_cat-tintin","7":"product_cat-enfant-adolescente-francais-enfant-adolescente","9":"first","10":"instock","11":"shipping-taxable","12":"purchasable","13":"product-type-simple"},"_links":{"self":[{"href":"https:\/\/baralivres.ma\/index.php?rest_route=\/wp\/v2\/product\/11422","targetHints":{"allow":["GET"]}}],"collection":[{"href":"https:\/\/baralivres.ma\/index.php?rest_route=\/wp\/v2\/product"}],"about":[{"href":"https:\/\/baralivres.ma\/index.php?rest_route=\/wp\/v2\/types\/product"}],"replies":[{"embeddable":true,"href":"https:\/\/baralivres.ma\/index.php?rest_route=%2Fwp%2Fv2%2Fcomments&post=11422"}],"version-history":[{"count":1,"href":"https:\/\/baralivres.ma\/index.php?rest_route=\/wp\/v2\/product\/11422\/revisions"}],"predecessor-version":[{"id":11424,"href":"https:\/\/baralivres.ma\/index.php?rest_route=\/wp\/v2\/product\/11422\/revisions\/11424"}],"wp:featuredmedia":[{"embeddable":true,"href":"https:\/\/baralivres.ma\/index.php?rest_route=\/wp\/v2\/media\/11423"}],"wp:attachment":[{"href":"https:\/\/baralivres.ma\/index.php?rest_route=%2Fwp%2Fv2%2Fmedia&parent=11422"}],"wp:term":[{"taxonomy":"product_cat","embeddable":true,"href":"https:\/\/baralivres.ma\/index.php?rest_route=%2Fwp%2Fv2%2Fproduct_cat&post=11422"},{"taxonomy":"product_tag","embeddable":true,"href":"https:\/\/baralivres.ma\/index.php?rest_route=%2Fwp%2Fv2%2Fproduct_tag&post=11422"}],"curies":[{"name":"wp","href":"https:\/\/api.w.org\/{rel}","templated":true}]}}