{"id":11419,"date":"2023-08-31T12:02:01","date_gmt":"2023-08-31T11:02:01","guid":{"rendered":"https:\/\/baralivres.ma\/?post_type=product&#038;p=11419"},"modified":"2024-11-04T17:06:22","modified_gmt":"2024-11-04T16:06:22","slug":"les-aventures-de-tintin-tome-8","status":"publish","type":"product","link":"https:\/\/baralivres.ma\/?product=les-aventures-de-tintin-tome-8","title":{"rendered":"Les Aventures de Tintin Tome 8"},"content":{"rendered":"<p>Engag\u00e9 par le professeur Halambique, sigillographe de renom, comme secr\u00e9taire, Tintin l&rsquo;accompagne en Syldavie. Eject\u00e9 de l&rsquo;avion en plein vol, miraculeusement sain et sauf, il prend connaissance d&rsquo;un complot visant \u00e0 d\u00e9tr\u00f4ner le Roi. Volant, comme \u00e0 son habitude, au secours de la monarchie syldave, il d\u00e9jouera ce complot qui n&rsquo;est pas sans allusion \u00e0 l&rsquo; \u00ab\u00a0Anschluss\u00a0\u00bb et \u00e0 la seconde guerre mondiale.<br \/>\nC&rsquo;est \u00e9galement dans cet \u00e9pisode que Tintin fera la connaissance de Bianca Castafiore.<\/p>\n","protected":false},"excerpt":{"rendered":"<p>Engag\u00e9 par le professeur Halambique, sigillographe de renom, comme secr\u00e9taire, Tintin l&rsquo;accompagne en Syldavie.<\/p>\n","protected":false},"featured_media":11420,"comment_status":"open","ping_status":"closed","template":"","meta":{"inline_featured_image":false},"product_cat":[3936,206],"product_tag":[],"class_list":{"0":"post-11419","1":"product","2":"type-product","3":"status-publish","4":"has-post-thumbnail","6":"product_cat-tintin","7":"product_cat-enfant-adolescente-francais-enfant-adolescente","9":"first","10":"instock","11":"shipping-taxable","12":"purchasable","13":"product-type-simple"},"_links":{"self":[{"href":"https:\/\/baralivres.ma\/index.php?rest_route=\/wp\/v2\/product\/11419","targetHints":{"allow":["GET"]}}],"collection":[{"href":"https:\/\/baralivres.ma\/index.php?rest_route=\/wp\/v2\/product"}],"about":[{"href":"https:\/\/baralivres.ma\/index.php?rest_route=\/wp\/v2\/types\/product"}],"replies":[{"embeddable":true,"href":"https:\/\/baralivres.ma\/index.php?rest_route=%2Fwp%2Fv2%2Fcomments&post=11419"}],"version-history":[{"count":1,"href":"https:\/\/baralivres.ma\/index.php?rest_route=\/wp\/v2\/product\/11419\/revisions"}],"predecessor-version":[{"id":11421,"href":"https:\/\/baralivres.ma\/index.php?rest_route=\/wp\/v2\/product\/11419\/revisions\/11421"}],"wp:featuredmedia":[{"embeddable":true,"href":"https:\/\/baralivres.ma\/index.php?rest_route=\/wp\/v2\/media\/11420"}],"wp:attachment":[{"href":"https:\/\/baralivres.ma\/index.php?rest_route=%2Fwp%2Fv2%2Fmedia&parent=11419"}],"wp:term":[{"taxonomy":"product_cat","embeddable":true,"href":"https:\/\/baralivres.ma\/index.php?rest_route=%2Fwp%2Fv2%2Fproduct_cat&post=11419"},{"taxonomy":"product_tag","embeddable":true,"href":"https:\/\/baralivres.ma\/index.php?rest_route=%2Fwp%2Fv2%2Fproduct_tag&post=11419"}],"curies":[{"name":"wp","href":"https:\/\/api.w.org\/{rel}","templated":true}]}}