{"id":11416,"date":"2023-08-31T11:58:31","date_gmt":"2023-08-31T10:58:31","guid":{"rendered":"https:\/\/baralivres.ma\/?post_type=product&#038;p=11416"},"modified":"2024-11-04T17:06:34","modified_gmt":"2024-11-04T16:06:34","slug":"les-aventures-de-tintin-tome-9","status":"publish","type":"product","link":"https:\/\/baralivres.ma\/?product=les-aventures-de-tintin-tome-9","title":{"rendered":"Les Aventures de Tintin Tome 9"},"content":{"rendered":"<p>Le Crabe aux pinces d&rsquo;or (1941) renoue avec l&rsquo;aventure exotique. Enqu\u00eatant sur un trafic de fausse monnaie, Tintin se retrouve emprisonn\u00e9 sur un navire, le Karaboudjan. A son bord, il fait la connaissance du Capitaine Haddock, marin alcoolique, et d\u00e9couvre l&rsquo;existence d&rsquo;un trafic d&rsquo;opium, dissimul\u00e9 dans des bo\u00eetes de crabe. R\u00e9ussissant \u00e0 s&rsquo;enfuir avec Haddock et se r\u00e9fugiant au Maroc, Tintin finira par d\u00e9masquer la bande de malfaiteurs.<\/p>\n","protected":false},"excerpt":{"rendered":"<p>Le Crabe aux pinces d&rsquo;or (1941) renoue avec l&rsquo;aventure exotique. Enqu\u00eatant sur un trafic de fausse monnaie, Tintin se retrouve emprisonn\u00e9 sur un navire, le Karaboudjan.<\/p>\n","protected":false},"featured_media":11417,"comment_status":"open","ping_status":"closed","template":"","meta":{"inline_featured_image":false},"product_cat":[3936,206],"product_tag":[],"class_list":{"0":"post-11416","1":"product","2":"type-product","3":"status-publish","4":"has-post-thumbnail","6":"product_cat-tintin","7":"product_cat-enfant-adolescente-francais-enfant-adolescente","9":"first","10":"instock","11":"shipping-taxable","12":"purchasable","13":"product-type-simple"},"_links":{"self":[{"href":"https:\/\/baralivres.ma\/index.php?rest_route=\/wp\/v2\/product\/11416","targetHints":{"allow":["GET"]}}],"collection":[{"href":"https:\/\/baralivres.ma\/index.php?rest_route=\/wp\/v2\/product"}],"about":[{"href":"https:\/\/baralivres.ma\/index.php?rest_route=\/wp\/v2\/types\/product"}],"replies":[{"embeddable":true,"href":"https:\/\/baralivres.ma\/index.php?rest_route=%2Fwp%2Fv2%2Fcomments&post=11416"}],"version-history":[{"count":1,"href":"https:\/\/baralivres.ma\/index.php?rest_route=\/wp\/v2\/product\/11416\/revisions"}],"predecessor-version":[{"id":11418,"href":"https:\/\/baralivres.ma\/index.php?rest_route=\/wp\/v2\/product\/11416\/revisions\/11418"}],"wp:featuredmedia":[{"embeddable":true,"href":"https:\/\/baralivres.ma\/index.php?rest_route=\/wp\/v2\/media\/11417"}],"wp:attachment":[{"href":"https:\/\/baralivres.ma\/index.php?rest_route=%2Fwp%2Fv2%2Fmedia&parent=11416"}],"wp:term":[{"taxonomy":"product_cat","embeddable":true,"href":"https:\/\/baralivres.ma\/index.php?rest_route=%2Fwp%2Fv2%2Fproduct_cat&post=11416"},{"taxonomy":"product_tag","embeddable":true,"href":"https:\/\/baralivres.ma\/index.php?rest_route=%2Fwp%2Fv2%2Fproduct_tag&post=11416"}],"curies":[{"name":"wp","href":"https:\/\/api.w.org\/{rel}","templated":true}]}}