{"id":11413,"date":"2023-08-31T11:52:44","date_gmt":"2023-08-31T10:52:44","guid":{"rendered":"https:\/\/baralivres.ma\/?post_type=product&#038;p=11413"},"modified":"2024-11-04T17:06:46","modified_gmt":"2024-11-04T16:06:46","slug":"les-aventures-de-tintin-tome-10","status":"publish","type":"product","link":"https:\/\/baralivres.ma\/?product=les-aventures-de-tintin-tome-10","title":{"rendered":"Les Aventures de Tintin Tome 10"},"content":{"rendered":"<p>Suite \u00e0 la chute d&rsquo;un fragment de m\u00e9t\u00e9orite dans l&rsquo;oc\u00e9an Arctique, le professeur Calys organise une exp\u00e9dition pour d\u00e9couvrir la v\u00e9ritable nature de cet a\u00e9rolithe, exp\u00e9dition \u00e0 laquelle prennent part Tintin et le Capitaine Haddock.<\/p>\n","protected":false},"excerpt":{"rendered":"<p>Suite \u00e0 la chute d&rsquo;un fragment de m\u00e9t\u00e9orite dans l&rsquo;oc\u00e9an Arctique, le professeur Calys organise une exp\u00e9dition pour d\u00e9couvrir la v\u00e9ritable nature de cet a\u00e9rolithe, exp\u00e9dition \u00e0 laquelle prennent part Tintin et le Capitaine Haddock.<\/p>\n","protected":false},"featured_media":11414,"comment_status":"open","ping_status":"closed","template":"","meta":{"inline_featured_image":false},"product_cat":[3936,206],"product_tag":[],"class_list":{"0":"post-11413","1":"product","2":"type-product","3":"status-publish","4":"has-post-thumbnail","6":"product_cat-tintin","7":"product_cat-enfant-adolescente-francais-enfant-adolescente","9":"first","10":"instock","11":"shipping-taxable","12":"purchasable","13":"product-type-simple"},"_links":{"self":[{"href":"https:\/\/baralivres.ma\/index.php?rest_route=\/wp\/v2\/product\/11413","targetHints":{"allow":["GET"]}}],"collection":[{"href":"https:\/\/baralivres.ma\/index.php?rest_route=\/wp\/v2\/product"}],"about":[{"href":"https:\/\/baralivres.ma\/index.php?rest_route=\/wp\/v2\/types\/product"}],"replies":[{"embeddable":true,"href":"https:\/\/baralivres.ma\/index.php?rest_route=%2Fwp%2Fv2%2Fcomments&post=11413"}],"version-history":[{"count":1,"href":"https:\/\/baralivres.ma\/index.php?rest_route=\/wp\/v2\/product\/11413\/revisions"}],"predecessor-version":[{"id":11415,"href":"https:\/\/baralivres.ma\/index.php?rest_route=\/wp\/v2\/product\/11413\/revisions\/11415"}],"wp:featuredmedia":[{"embeddable":true,"href":"https:\/\/baralivres.ma\/index.php?rest_route=\/wp\/v2\/media\/11414"}],"wp:attachment":[{"href":"https:\/\/baralivres.ma\/index.php?rest_route=%2Fwp%2Fv2%2Fmedia&parent=11413"}],"wp:term":[{"taxonomy":"product_cat","embeddable":true,"href":"https:\/\/baralivres.ma\/index.php?rest_route=%2Fwp%2Fv2%2Fproduct_cat&post=11413"},{"taxonomy":"product_tag","embeddable":true,"href":"https:\/\/baralivres.ma\/index.php?rest_route=%2Fwp%2Fv2%2Fproduct_tag&post=11413"}],"curies":[{"name":"wp","href":"https:\/\/api.w.org\/{rel}","templated":true}]}}