{"id":11409,"date":"2023-08-31T11:49:42","date_gmt":"2023-08-31T10:49:42","guid":{"rendered":"https:\/\/baralivres.ma\/?post_type=product&#038;p=11409"},"modified":"2024-11-04T17:07:01","modified_gmt":"2024-11-04T16:07:01","slug":"les-aventures-de-tintin-tome-11","status":"publish","type":"product","link":"https:\/\/baralivres.ma\/?product=les-aventures-de-tintin-tome-11","title":{"rendered":"Les Aventures de Tintin Tome 11"},"content":{"rendered":"<p>Dans cette aventure, Tintin accompagne le Capitaine Haddock sur les traces de son glorieux anc\u00eatre, le chevalier Fran\u00e7ois de Hadoque. Apr\u00e8s avoir offert au Capitaine Haddock le mod\u00e8le r\u00e9duit d&rsquo;un bateau qui se r\u00e9v\u00e8le \u00eatre la r\u00e9plique de celui de l&rsquo;anc\u00eatre du Capitaine, Tintin d\u00e9couvre dans le m\u00e2t un parchemin myst\u00e9rieux. C&rsquo;est le d\u00e9but d&rsquo;une folle course au tr\u00e9sor qui entra\u00eenera nos h\u00e9ros \u00e0 la recherche d&rsquo;autres indices afin de reconstituer une myst\u00e9rieuse carte au tr\u00e9sor.<\/p>\n","protected":false},"excerpt":{"rendered":"<p>Dans cette aventure, Tintin accompagne le Capitaine Haddock sur les traces de son glorieux anc\u00eatre, le chevalier Fran\u00e7ois de Hadoque.<\/p>\n","protected":false},"featured_media":11410,"comment_status":"open","ping_status":"closed","template":"","meta":{"inline_featured_image":false},"product_cat":[3936,206],"product_tag":[],"class_list":{"0":"post-11409","1":"product","2":"type-product","3":"status-publish","4":"has-post-thumbnail","6":"product_cat-tintin","7":"product_cat-enfant-adolescente-francais-enfant-adolescente","9":"first","10":"instock","11":"shipping-taxable","12":"purchasable","13":"product-type-simple"},"_links":{"self":[{"href":"https:\/\/baralivres.ma\/index.php?rest_route=\/wp\/v2\/product\/11409","targetHints":{"allow":["GET"]}}],"collection":[{"href":"https:\/\/baralivres.ma\/index.php?rest_route=\/wp\/v2\/product"}],"about":[{"href":"https:\/\/baralivres.ma\/index.php?rest_route=\/wp\/v2\/types\/product"}],"replies":[{"embeddable":true,"href":"https:\/\/baralivres.ma\/index.php?rest_route=%2Fwp%2Fv2%2Fcomments&post=11409"}],"version-history":[{"count":2,"href":"https:\/\/baralivres.ma\/index.php?rest_route=\/wp\/v2\/product\/11409\/revisions"}],"predecessor-version":[{"id":11412,"href":"https:\/\/baralivres.ma\/index.php?rest_route=\/wp\/v2\/product\/11409\/revisions\/11412"}],"wp:featuredmedia":[{"embeddable":true,"href":"https:\/\/baralivres.ma\/index.php?rest_route=\/wp\/v2\/media\/11410"}],"wp:attachment":[{"href":"https:\/\/baralivres.ma\/index.php?rest_route=%2Fwp%2Fv2%2Fmedia&parent=11409"}],"wp:term":[{"taxonomy":"product_cat","embeddable":true,"href":"https:\/\/baralivres.ma\/index.php?rest_route=%2Fwp%2Fv2%2Fproduct_cat&post=11409"},{"taxonomy":"product_tag","embeddable":true,"href":"https:\/\/baralivres.ma\/index.php?rest_route=%2Fwp%2Fv2%2Fproduct_tag&post=11409"}],"curies":[{"name":"wp","href":"https:\/\/api.w.org\/{rel}","templated":true}]}}