{"id":11399,"date":"2023-08-30T17:39:31","date_gmt":"2023-08-30T16:39:31","guid":{"rendered":"https:\/\/baralivres.ma\/?post_type=product&#038;p=11399"},"modified":"2024-11-04T17:07:41","modified_gmt":"2024-11-04T16:07:41","slug":"les-aventures-de-tintin-tome-15","status":"publish","type":"product","link":"https:\/\/baralivres.ma\/?product=les-aventures-de-tintin-tome-15","title":{"rendered":"Les Aventures de Tintin Tome 15"},"content":{"rendered":"<p>Partout dans le monde, des moteurs d&rsquo;autos explosent : l&rsquo;essence doit \u00eatre trafiqu\u00e9e ! Une crise p\u00e9troli\u00e8re menace. Au Moyen Orient, le cheik Bab El Ehr tente de renverser Ben Kalish Ezab, et ce conflit local peut d\u00e9g\u00e9n\u00e9rer en une guerre g\u00e9n\u00e9rale. C&rsquo;est bien assez pour inciter Tintin \u00e0 se rendre, toutes affaires cessantes, au Pays de l&rsquo;Or noir (1950).<\/p>\n","protected":false},"excerpt":{"rendered":"<p>Partout dans le monde, des moteurs d&rsquo;autos explosent : l&rsquo;essence doit \u00eatre trafiqu\u00e9e ! Une crise p\u00e9troli\u00e8re menace.<\/p>\n","protected":false},"featured_media":11400,"comment_status":"open","ping_status":"closed","template":"","meta":{"inline_featured_image":false},"product_cat":[3936,206],"product_tag":[],"class_list":{"0":"post-11399","1":"product","2":"type-product","3":"status-publish","4":"has-post-thumbnail","6":"product_cat-tintin","7":"product_cat-enfant-adolescente-francais-enfant-adolescente","9":"first","10":"instock","11":"shipping-taxable","12":"purchasable","13":"product-type-simple"},"_links":{"self":[{"href":"https:\/\/baralivres.ma\/index.php?rest_route=\/wp\/v2\/product\/11399","targetHints":{"allow":["GET"]}}],"collection":[{"href":"https:\/\/baralivres.ma\/index.php?rest_route=\/wp\/v2\/product"}],"about":[{"href":"https:\/\/baralivres.ma\/index.php?rest_route=\/wp\/v2\/types\/product"}],"replies":[{"embeddable":true,"href":"https:\/\/baralivres.ma\/index.php?rest_route=%2Fwp%2Fv2%2Fcomments&post=11399"}],"version-history":[{"count":1,"href":"https:\/\/baralivres.ma\/index.php?rest_route=\/wp\/v2\/product\/11399\/revisions"}],"predecessor-version":[{"id":11401,"href":"https:\/\/baralivres.ma\/index.php?rest_route=\/wp\/v2\/product\/11399\/revisions\/11401"}],"wp:featuredmedia":[{"embeddable":true,"href":"https:\/\/baralivres.ma\/index.php?rest_route=\/wp\/v2\/media\/11400"}],"wp:attachment":[{"href":"https:\/\/baralivres.ma\/index.php?rest_route=%2Fwp%2Fv2%2Fmedia&parent=11399"}],"wp:term":[{"taxonomy":"product_cat","embeddable":true,"href":"https:\/\/baralivres.ma\/index.php?rest_route=%2Fwp%2Fv2%2Fproduct_cat&post=11399"},{"taxonomy":"product_tag","embeddable":true,"href":"https:\/\/baralivres.ma\/index.php?rest_route=%2Fwp%2Fv2%2Fproduct_tag&post=11399"}],"curies":[{"name":"wp","href":"https:\/\/api.w.org\/{rel}","templated":true}]}}