{"id":11395,"date":"2023-08-30T17:35:52","date_gmt":"2023-08-30T16:35:52","guid":{"rendered":"https:\/\/baralivres.ma\/?post_type=product&#038;p=11395"},"modified":"2024-11-04T17:08:01","modified_gmt":"2024-11-04T16:08:01","slug":"les-aventures-de-tintin-tome-14","status":"publish","type":"product","link":"https:\/\/baralivres.ma\/?product=les-aventures-de-tintin-tome-14","title":{"rendered":"Les Aventures de Tintin Tome 14"},"content":{"rendered":"<p>Cet album contient la suite des aventures commenc\u00e9es dans Les sept boules de cristal. A la recherche de Tournesol, Tintin et le Capitaine Haddock traverseront les Andes et la jungle, aid\u00e9s de Quirino, un jeune indien, avant de retrouver le professeur, condamn\u00e9 \u00e0 mort pour sacril\u00e8ge par les Incas. Parviendront-ils \u00e0 le sauver, ainsi que les sept professeurs europ\u00e9ens toujours enferm\u00e9s dans un h\u00f4pital ?<\/p>\n","protected":false},"excerpt":{"rendered":"<p>Cet album contient la suite des aventures commenc\u00e9es dans Les sept boules de cristal.<\/p>\n","protected":false},"featured_media":11396,"comment_status":"open","ping_status":"closed","template":"","meta":{"inline_featured_image":false},"product_cat":[3936,206],"product_tag":[],"class_list":{"0":"post-11395","1":"product","2":"type-product","3":"status-publish","4":"has-post-thumbnail","6":"product_cat-tintin","7":"product_cat-enfant-adolescente-francais-enfant-adolescente","9":"first","10":"instock","11":"shipping-taxable","12":"purchasable","13":"product-type-simple"},"_links":{"self":[{"href":"https:\/\/baralivres.ma\/index.php?rest_route=\/wp\/v2\/product\/11395","targetHints":{"allow":["GET"]}}],"collection":[{"href":"https:\/\/baralivres.ma\/index.php?rest_route=\/wp\/v2\/product"}],"about":[{"href":"https:\/\/baralivres.ma\/index.php?rest_route=\/wp\/v2\/types\/product"}],"replies":[{"embeddable":true,"href":"https:\/\/baralivres.ma\/index.php?rest_route=%2Fwp%2Fv2%2Fcomments&post=11395"}],"version-history":[{"count":1,"href":"https:\/\/baralivres.ma\/index.php?rest_route=\/wp\/v2\/product\/11395\/revisions"}],"predecessor-version":[{"id":11397,"href":"https:\/\/baralivres.ma\/index.php?rest_route=\/wp\/v2\/product\/11395\/revisions\/11397"}],"wp:featuredmedia":[{"embeddable":true,"href":"https:\/\/baralivres.ma\/index.php?rest_route=\/wp\/v2\/media\/11396"}],"wp:attachment":[{"href":"https:\/\/baralivres.ma\/index.php?rest_route=%2Fwp%2Fv2%2Fmedia&parent=11395"}],"wp:term":[{"taxonomy":"product_cat","embeddable":true,"href":"https:\/\/baralivres.ma\/index.php?rest_route=%2Fwp%2Fv2%2Fproduct_cat&post=11395"},{"taxonomy":"product_tag","embeddable":true,"href":"https:\/\/baralivres.ma\/index.php?rest_route=%2Fwp%2Fv2%2Fproduct_tag&post=11395"}],"curies":[{"name":"wp","href":"https:\/\/api.w.org\/{rel}","templated":true}]}}