{"id":11388,"date":"2023-08-30T17:26:42","date_gmt":"2023-08-30T16:26:42","guid":{"rendered":"https:\/\/baralivres.ma\/?post_type=product&#038;p=11388"},"modified":"2024-11-18T15:10:17","modified_gmt":"2024-11-18T14:10:17","slug":"les-aventures-de-tintin-tome-16","status":"publish","type":"product","link":"https:\/\/baralivres.ma\/?product=les-aventures-de-tintin-tome-16","title":{"rendered":"Les Aventures de Tintin Tome 16"},"content":{"rendered":"<p>En Syldavie, Tournesol met au point sa fus\u00e9e lunaire \u00e0 moteur atomique et s&rsquo;appr\u00eate \u00e0 partir pour la Lune. Mais de myst\u00e9rieux incidents mettent \u00e0 mal ce projet : la fus\u00e9e d&rsquo;essai est d\u00e9tourn\u00e9e, une tentative de vol des plans se produit, .<\/p>\n","protected":false},"excerpt":{"rendered":"<p>En Syldavie, Tournesol met au point sa fus\u00e9e lunaire \u00e0 moteur atomique et s&rsquo;appr\u00eate \u00e0 partir pour la Lune.<\/p>\n","protected":false},"featured_media":11389,"comment_status":"open","ping_status":"closed","template":"","meta":{"inline_featured_image":false},"product_cat":[3936,206],"product_tag":[],"class_list":{"0":"post-11388","1":"product","2":"type-product","3":"status-publish","4":"has-post-thumbnail","6":"product_cat-tintin","7":"product_cat-enfant-adolescente-francais-enfant-adolescente","9":"first","10":"instock","11":"shipping-taxable","12":"purchasable","13":"product-type-simple"},"_links":{"self":[{"href":"https:\/\/baralivres.ma\/index.php?rest_route=\/wp\/v2\/product\/11388","targetHints":{"allow":["GET"]}}],"collection":[{"href":"https:\/\/baralivres.ma\/index.php?rest_route=\/wp\/v2\/product"}],"about":[{"href":"https:\/\/baralivres.ma\/index.php?rest_route=\/wp\/v2\/types\/product"}],"replies":[{"embeddable":true,"href":"https:\/\/baralivres.ma\/index.php?rest_route=%2Fwp%2Fv2%2Fcomments&post=11388"}],"version-history":[{"count":1,"href":"https:\/\/baralivres.ma\/index.php?rest_route=\/wp\/v2\/product\/11388\/revisions"}],"predecessor-version":[{"id":11390,"href":"https:\/\/baralivres.ma\/index.php?rest_route=\/wp\/v2\/product\/11388\/revisions\/11390"}],"wp:featuredmedia":[{"embeddable":true,"href":"https:\/\/baralivres.ma\/index.php?rest_route=\/wp\/v2\/media\/11389"}],"wp:attachment":[{"href":"https:\/\/baralivres.ma\/index.php?rest_route=%2Fwp%2Fv2%2Fmedia&parent=11388"}],"wp:term":[{"taxonomy":"product_cat","embeddable":true,"href":"https:\/\/baralivres.ma\/index.php?rest_route=%2Fwp%2Fv2%2Fproduct_cat&post=11388"},{"taxonomy":"product_tag","embeddable":true,"href":"https:\/\/baralivres.ma\/index.php?rest_route=%2Fwp%2Fv2%2Fproduct_tag&post=11388"}],"curies":[{"name":"wp","href":"https:\/\/api.w.org\/{rel}","templated":true}]}}