{"id":11384,"date":"2023-08-30T15:01:40","date_gmt":"2023-08-30T14:01:40","guid":{"rendered":"https:\/\/baralivres.ma\/?post_type=product&#038;p=11384"},"modified":"2024-11-18T15:10:38","modified_gmt":"2024-11-18T14:10:38","slug":"foot-2-rue","status":"publish","type":"product","link":"https:\/\/baralivres.ma\/?product=foot-2-rue","title":{"rendered":"Foot 2 Rue"},"content":{"rendered":"<div id=\"resume\" class=\"\n        fp-wide--block\n        fp-wide--block-resume                \"><\/p>\n<div class=\"content\">Suis, d&rsquo;un trait, les trois premi\u00e8res aventures de Tag et ses amis ! Tu conna\u00eetras toute l&rsquo;histoire de la formation de leur \u00e9quipe, les Bleus de Riffler ! Et, au fil de leurs matchs et de leurs rencontres, apprends comment ils sont devenus les joueurs phare de Port-Marie ! Retrouve aussi, dans ta compil&rsquo;, l&rsquo;histoire des Aigles d&rsquo;Aubervilliers,.. Une jeune \u00e9quipe de foot de rue, bien r\u00e9elle celle-l\u00e0, d\u00e9termin\u00e9e \u00e0 briller le ballon au pied ! Suis leurs entra\u00eenements, leurs \u00e9checs&#8230;<br \/>\net leurs victoires jusqu&rsquo;au tournoi !<\/div>\n<\/div>\n<div id=\"specification\" class=\"\n        fp-wide--block\n        fp-wide--block-specification                \"><\/p>\n<div class=\"fp-wide--block--header\"><\/div>\n<\/div>\n","protected":false},"excerpt":{"rendered":"<div id=\"resume\" class=\"\n        fp-wide--block\n        fp-wide--block-resume                \"><\/p>\n<div class=\"content\">Suis, d&rsquo;un trait, les trois premi\u00e8res aventures de Tag et ses amis ! Tu conna\u00eetras toute l&rsquo;histoire de la formation de leur \u00e9quipe, les Bleus de Riffler ! Et, au fil de leurs matchs et de leurs rencontres, apprends comment ils sont devenus les joueurs phare de Port-Marie ! Retrouve aussi, dans ta compil&rsquo;, l&rsquo;histoire des Aigles d&rsquo;Aubervilliers,.. Une jeune \u00e9quipe de foot de rue, bien r\u00e9elle celle-l\u00e0, d\u00e9termin\u00e9e \u00e0 briller le ballon au pied ! Suis leurs entra\u00eenements, leurs \u00e9checs&#8230;<br \/>\net leurs victoires jusqu&rsquo;au tournoi !<\/div>\n<\/div>\n<div id=\"specification\" class=\"\n        fp-wide--block\n        fp-wide--block-specification                \"><\/p>\n<div class=\"fp-wide--block--header\"><\/div>\n<\/div>\n","protected":false},"featured_media":11385,"comment_status":"open","ping_status":"closed","template":"","meta":{"inline_featured_image":false},"product_cat":[3877,199],"product_tag":[],"class_list":{"0":"post-11384","1":"product","2":"type-product","3":"status-publish","4":"has-post-thumbnail","6":"product_cat-les-histoires-francais","7":"product_cat-histoires","9":"first","10":"instock","11":"shipping-taxable","12":"purchasable","13":"product-type-simple"},"_links":{"self":[{"href":"https:\/\/baralivres.ma\/index.php?rest_route=\/wp\/v2\/product\/11384","targetHints":{"allow":["GET"]}}],"collection":[{"href":"https:\/\/baralivres.ma\/index.php?rest_route=\/wp\/v2\/product"}],"about":[{"href":"https:\/\/baralivres.ma\/index.php?rest_route=\/wp\/v2\/types\/product"}],"replies":[{"embeddable":true,"href":"https:\/\/baralivres.ma\/index.php?rest_route=%2Fwp%2Fv2%2Fcomments&post=11384"}],"version-history":[{"count":1,"href":"https:\/\/baralivres.ma\/index.php?rest_route=\/wp\/v2\/product\/11384\/revisions"}],"predecessor-version":[{"id":11386,"href":"https:\/\/baralivres.ma\/index.php?rest_route=\/wp\/v2\/product\/11384\/revisions\/11386"}],"wp:featuredmedia":[{"embeddable":true,"href":"https:\/\/baralivres.ma\/index.php?rest_route=\/wp\/v2\/media\/11385"}],"wp:attachment":[{"href":"https:\/\/baralivres.ma\/index.php?rest_route=%2Fwp%2Fv2%2Fmedia&parent=11384"}],"wp:term":[{"taxonomy":"product_cat","embeddable":true,"href":"https:\/\/baralivres.ma\/index.php?rest_route=%2Fwp%2Fv2%2Fproduct_cat&post=11384"},{"taxonomy":"product_tag","embeddable":true,"href":"https:\/\/baralivres.ma\/index.php?rest_route=%2Fwp%2Fv2%2Fproduct_tag&post=11384"}],"curies":[{"name":"wp","href":"https:\/\/api.w.org\/{rel}","templated":true}]}}