{"id":11378,"date":"2023-08-30T14:54:16","date_gmt":"2023-08-30T13:54:16","guid":{"rendered":"https:\/\/baralivres.ma\/?post_type=product&#038;p=11378"},"modified":"2024-10-29T13:11:15","modified_gmt":"2024-10-29T12:11:15","slug":"lulu-vroumette-coffret-avec-4-livres","status":"publish","type":"product","link":"https:\/\/baralivres.ma\/?product=lulu-vroumette-coffret-avec-4-livres","title":{"rendered":"Lulu Vroumette &#8211; Coffret avec 4 livres"},"content":{"rendered":"<p>Dans ce coffret se trouvent quatre aventures de la c\u00e9l\u00e8bre tortue : Le Cirque de Lulu, Lulu grand chef, Bon anniversaire Lulu et Le Grand Concert de Lulu. Une d\u00e9licieuse introduction \u00e0 l&rsquo;univers de Lulu, dans un format parfaitement adapt\u00e9 aux toutes petites mains.<\/p>\n","protected":false},"excerpt":{"rendered":"<p>Une d\u00e9licieuse introduction \u00e0 l&rsquo;univers de Lulu, dans un format parfaitement adapt\u00e9 aux toutes petites mains.<\/p>\n","protected":false},"featured_media":11379,"comment_status":"open","ping_status":"closed","template":"","meta":{"inline_featured_image":false},"product_cat":[3875,201,198,200],"product_tag":[],"class_list":{"0":"post-11378","1":"product","2":"type-product","3":"status-publish","4":"has-post-thumbnail","6":"product_cat-coffret-francais","7":"product_cat-coffret","8":"product_cat-livres-animes","9":"product_cat-activites","11":"first","12":"instock","13":"shipping-taxable","14":"purchasable","15":"product-type-simple"},"_links":{"self":[{"href":"https:\/\/baralivres.ma\/index.php?rest_route=\/wp\/v2\/product\/11378","targetHints":{"allow":["GET"]}}],"collection":[{"href":"https:\/\/baralivres.ma\/index.php?rest_route=\/wp\/v2\/product"}],"about":[{"href":"https:\/\/baralivres.ma\/index.php?rest_route=\/wp\/v2\/types\/product"}],"replies":[{"embeddable":true,"href":"https:\/\/baralivres.ma\/index.php?rest_route=%2Fwp%2Fv2%2Fcomments&post=11378"}],"version-history":[{"count":1,"href":"https:\/\/baralivres.ma\/index.php?rest_route=\/wp\/v2\/product\/11378\/revisions"}],"predecessor-version":[{"id":11380,"href":"https:\/\/baralivres.ma\/index.php?rest_route=\/wp\/v2\/product\/11378\/revisions\/11380"}],"wp:featuredmedia":[{"embeddable":true,"href":"https:\/\/baralivres.ma\/index.php?rest_route=\/wp\/v2\/media\/11379"}],"wp:attachment":[{"href":"https:\/\/baralivres.ma\/index.php?rest_route=%2Fwp%2Fv2%2Fmedia&parent=11378"}],"wp:term":[{"taxonomy":"product_cat","embeddable":true,"href":"https:\/\/baralivres.ma\/index.php?rest_route=%2Fwp%2Fv2%2Fproduct_cat&post=11378"},{"taxonomy":"product_tag","embeddable":true,"href":"https:\/\/baralivres.ma\/index.php?rest_route=%2Fwp%2Fv2%2Fproduct_tag&post=11378"}],"curies":[{"name":"wp","href":"https:\/\/api.w.org\/{rel}","templated":true}]}}