{"id":11375,"date":"2023-08-30T14:51:28","date_gmt":"2023-08-30T13:51:28","guid":{"rendered":"https:\/\/baralivres.ma\/?post_type=product&#038;p=11375"},"modified":"2024-11-07T13:48:11","modified_gmt":"2024-11-07T12:48:11","slug":"tounet-et-le-petit-chat","status":"publish","type":"product","link":"https:\/\/baralivres.ma\/?product=tounet-et-le-petit-chat","title":{"rendered":"Tounet et le petit chat"},"content":{"rendered":"<p>Tounet trouve un adorable petit chat qui s&rsquo;est perdu. Toute l&rsquo;\u00e9quipe de secours se mobilise pour retrouver son ma\u00eetre. Mais Tounet commence \u00e0 s&rsquo;y attacher\u2026 Et n&rsquo;a plus tr\u00e8s envie de le rendre \u00e0 sa ma\u00eetresse<\/p>\n","protected":false},"excerpt":{"rendered":"<p>Tounet trouve un adorable petit chat qui s&rsquo;est perdu. Toute l&rsquo;\u00e9quipe de secours se mobilise pour retrouver son ma\u00eetre. Mais Tounet commence \u00e0 s&rsquo;y attacher\u2026 Et n&rsquo;a plus tr\u00e8s envie de le rendre \u00e0 sa ma\u00eetresse<\/p>\n","protected":false},"featured_media":11376,"comment_status":"open","ping_status":"closed","template":"","meta":{"inline_featured_image":false},"product_cat":[3877,199],"product_tag":[],"class_list":{"0":"post-11375","1":"product","2":"type-product","3":"status-publish","4":"has-post-thumbnail","6":"product_cat-les-histoires-francais","7":"product_cat-histoires","9":"first","10":"instock","11":"shipping-taxable","12":"purchasable","13":"product-type-simple"},"_links":{"self":[{"href":"https:\/\/baralivres.ma\/index.php?rest_route=\/wp\/v2\/product\/11375","targetHints":{"allow":["GET"]}}],"collection":[{"href":"https:\/\/baralivres.ma\/index.php?rest_route=\/wp\/v2\/product"}],"about":[{"href":"https:\/\/baralivres.ma\/index.php?rest_route=\/wp\/v2\/types\/product"}],"replies":[{"embeddable":true,"href":"https:\/\/baralivres.ma\/index.php?rest_route=%2Fwp%2Fv2%2Fcomments&post=11375"}],"version-history":[{"count":1,"href":"https:\/\/baralivres.ma\/index.php?rest_route=\/wp\/v2\/product\/11375\/revisions"}],"predecessor-version":[{"id":11377,"href":"https:\/\/baralivres.ma\/index.php?rest_route=\/wp\/v2\/product\/11375\/revisions\/11377"}],"wp:featuredmedia":[{"embeddable":true,"href":"https:\/\/baralivres.ma\/index.php?rest_route=\/wp\/v2\/media\/11376"}],"wp:attachment":[{"href":"https:\/\/baralivres.ma\/index.php?rest_route=%2Fwp%2Fv2%2Fmedia&parent=11375"}],"wp:term":[{"taxonomy":"product_cat","embeddable":true,"href":"https:\/\/baralivres.ma\/index.php?rest_route=%2Fwp%2Fv2%2Fproduct_cat&post=11375"},{"taxonomy":"product_tag","embeddable":true,"href":"https:\/\/baralivres.ma\/index.php?rest_route=%2Fwp%2Fv2%2Fproduct_tag&post=11375"}],"curies":[{"name":"wp","href":"https:\/\/api.w.org\/{rel}","templated":true}]}}