{"id":11372,"date":"2023-08-30T14:49:54","date_gmt":"2023-08-30T13:49:54","guid":{"rendered":"https:\/\/baralivres.ma\/?post_type=product&#038;p=11372"},"modified":"2024-11-07T13:48:56","modified_gmt":"2024-11-07T12:48:56","slug":"bon-anniversaire-heli","status":"publish","type":"product","link":"https:\/\/baralivres.ma\/?product=bon-anniversaire-heli","title":{"rendered":"Bon anniversaire, H\u00e9li !"},"content":{"rendered":"<p>Pauvre H\u00e9li ! On dirait que ses amis ont oubli\u00e9 que c&rsquo;\u00e9tait son anniversaire aujourd&rsquo;hui&#8230;<\/p>\n","protected":false},"excerpt":{"rendered":"<p>Pauvre H\u00e9li ! On dirait que ses amis ont oubli\u00e9 que c&rsquo;\u00e9tait son anniversaire aujourd&rsquo;hui&#8230;<\/p>\n","protected":false},"featured_media":11373,"comment_status":"open","ping_status":"closed","template":"","meta":{"inline_featured_image":false},"product_cat":[3877,199],"product_tag":[],"class_list":{"0":"post-11372","1":"product","2":"type-product","3":"status-publish","4":"has-post-thumbnail","6":"product_cat-les-histoires-francais","7":"product_cat-histoires","9":"first","10":"instock","11":"shipping-taxable","12":"purchasable","13":"product-type-simple"},"_links":{"self":[{"href":"https:\/\/baralivres.ma\/index.php?rest_route=\/wp\/v2\/product\/11372","targetHints":{"allow":["GET"]}}],"collection":[{"href":"https:\/\/baralivres.ma\/index.php?rest_route=\/wp\/v2\/product"}],"about":[{"href":"https:\/\/baralivres.ma\/index.php?rest_route=\/wp\/v2\/types\/product"}],"replies":[{"embeddable":true,"href":"https:\/\/baralivres.ma\/index.php?rest_route=%2Fwp%2Fv2%2Fcomments&post=11372"}],"version-history":[{"count":1,"href":"https:\/\/baralivres.ma\/index.php?rest_route=\/wp\/v2\/product\/11372\/revisions"}],"predecessor-version":[{"id":11374,"href":"https:\/\/baralivres.ma\/index.php?rest_route=\/wp\/v2\/product\/11372\/revisions\/11374"}],"wp:featuredmedia":[{"embeddable":true,"href":"https:\/\/baralivres.ma\/index.php?rest_route=\/wp\/v2\/media\/11373"}],"wp:attachment":[{"href":"https:\/\/baralivres.ma\/index.php?rest_route=%2Fwp%2Fv2%2Fmedia&parent=11372"}],"wp:term":[{"taxonomy":"product_cat","embeddable":true,"href":"https:\/\/baralivres.ma\/index.php?rest_route=%2Fwp%2Fv2%2Fproduct_cat&post=11372"},{"taxonomy":"product_tag","embeddable":true,"href":"https:\/\/baralivres.ma\/index.php?rest_route=%2Fwp%2Fv2%2Fproduct_tag&post=11372"}],"curies":[{"name":"wp","href":"https:\/\/api.w.org\/{rel}","templated":true}]}}